{"id":12,"date":"2019-08-21T08:39:34","date_gmt":"2019-08-21T08:39:34","guid":{"rendered":"http:\/\/mikrodin.com.tr\/?page_id=12"},"modified":"2022-07-13T04:59:37","modified_gmt":"2022-07-13T04:59:37","slug":"ana-sayfa","status":"publish","type":"page","link":"https:\/\/mikrodin.com.tr\/en\/","title":{"rendered":"Ana Sayfa"},"content":{"rendered":"<p>[et_pb_section fb_built=&#8221;1&#8243; _builder_version=&#8221;4.16&#8243; _module_preset=&#8221;default&#8221; background_color=&#8221;rgba(0,0,0,0.67)&#8221; background_image=&#8221;https:\/\/mikrodin.com.tr\/wp-content\/uploads\/2021\/07\/Industries.jpg&#8221; background_blend=&#8221;multiply&#8221; min_height_tablet=&#8221;&#8221; min_height_phone=&#8221;&#8221; min_height_last_edited=&#8221;on|phone&#8221; height=&#8221;500px&#8221; height_tablet=&#8221;500px&#8221; height_phone=&#8221;500px&#8221; height_last_edited=&#8221;on|phone&#8221; custom_margin_tablet=&#8221;&#8221; custom_margin_phone=&#8221;&#8221; custom_margin_last_edited=&#8221;on|tablet&#8221; custom_padding=&#8221;5px||90px||false|false&#8221; global_colors_info=&#8221;{}&#8221;][et_pb_row _builder_version=&#8221;4.16&#8243; _module_preset=&#8221;default&#8221; width=&#8221;88%&#8221; max_width_tablet=&#8221;90%&#8221; max_width_phone=&#8221;90%&#8221; max_width_last_edited=&#8221;on|tablet&#8221; global_colors_info=&#8221;{}&#8221;][et_pb_column type=&#8221;4_4&#8243; _builder_version=&#8221;4.16&#8243; _module_preset=&#8221;default&#8221; global_colors_info=&#8221;{}&#8221;][et_pb_text _builder_version=&#8221;4.16&#8243; _module_preset=&#8221;default&#8221; text_font=&#8221;Montserrat||||||||&#8221; text_text_color=&#8221;#FFFFFF&#8221; text_font_size=&#8221;63px&#8221; header_3_font=&#8221;Montserrat|600|||||||&#8221; header_3_text_align=&#8221;center&#8221; header_3_text_color=&#8221;#F7F7F7&#8243; header_3_font_size=&#8221;56px&#8221; header_3_letter_spacing=&#8221;1px&#8221; text_orientation=&#8221;center&#8221; custom_margin=&#8221;50px||||false|false&#8221; header_3_font_size_tablet=&#8221;56px&#8221; header_3_font_size_phone=&#8221;40px&#8221; header_3_font_size_last_edited=&#8221;on|tablet&#8221; header_3_line_height_tablet=&#8221;&#8221; header_3_line_height_phone=&#8221;&#8221; header_3_line_height_last_edited=&#8221;on|phone&#8221; global_colors_info=&#8221;{}&#8221;]<\/p>\n<h3>Solutions Towards Your Manufacturing<\/h3>\n<p>[\/et_pb_text][et_pb_text _builder_version=&#8221;4.16&#8243; _module_preset=&#8221;default&#8221; text_font=&#8221;Montserrat||||||||&#8221; text_text_color=&#8221;#FFFFFF&#8221; text_font_size=&#8221;24px&#8221; header_3_font=&#8221;Montserrat|600|||||||&#8221; header_3_text_align=&#8221;center&#8221; header_3_text_color=&#8221;#F7F7F7&#8243; header_3_font_size=&#8221;50px&#8221; header_3_letter_spacing=&#8221;1px&#8221; text_orientation=&#8221;center&#8221; text_font_size_tablet=&#8221;20px&#8221; text_font_size_phone=&#8221;20px&#8221; text_font_size_last_edited=&#8221;on|tablet&#8221; global_colors_info=&#8221;{}&#8221;]<\/p>\n<p>Mikrodin provides digital solutions for your manufacturing plant.<\/p>\n<p>[\/et_pb_text][et_pb_button button_url=&#8221;@ET-DC@eyJkeW5hbWljIjp0cnVlLCJjb250ZW50IjoicG9zdF9saW5rX3VybF9wYWdlIiwic2V0dGluZ3MiOnsicG9zdF9pZCI6IjE2In19@&#8221; button_text=&#8221;\u00dcR\u00dcNLER&#8221; button_alignment=&#8221;center&#8221; _builder_version=&#8221;4.16&#8243; _dynamic_attributes=&#8221;button_url&#8221; _module_preset=&#8221;default&#8221; custom_button=&#8221;on&#8221; button_text_size=&#8221;25px&#8221; button_text_color=&#8221;#F7F7F7&#8243; button_bg_color=&#8221;#031770&#8243; button_border_width=&#8221;0px&#8221; button_border_radius=&#8221;0px&#8221; button_font=&#8221;Montserrat||||||||&#8221; button_use_icon=&#8221;off&#8221; button_text_size_tablet=&#8221;22px&#8221; button_text_size_phone=&#8221;20px&#8221; button_text_size_last_edited=&#8221;on|tablet&#8221; global_colors_info=&#8221;{}&#8221;][\/et_pb_button][\/et_pb_column][\/et_pb_row][\/et_pb_section][et_pb_section fb_built=&#8221;1&#8243; _builder_version=&#8221;4.17.4&#8243; _module_preset=&#8221;default&#8221; background_color=&#8221;#F7F7F7&#8243; custom_padding=&#8221;22px||30px|||&#8221; global_colors_info=&#8221;{}&#8221;][\/et_pb_section][et_pb_section fb_built=&#8221;1&#8243; custom_padding_last_edited=&#8221;on|phone&#8221; _builder_version=&#8221;4.17.4&#8243; _module_preset=&#8221;default&#8221; background_color=&#8221;rgba(0,0,0,0.67)&#8221; background_image=&#8221;https:\/\/mikrodin.com.tr\/wp-content\/uploads\/2022\/05\/Mikrodin-Win-Eurasia-2022.jpg&#8221; background_blend=&#8221;multiply&#8221; min_height_tablet=&#8221;&#8221; min_height_phone=&#8221;&#8221; min_height_last_edited=&#8221;on|phone&#8221; height=&#8221;500px&#8221; height_tablet=&#8221;500px&#8221; height_phone=&#8221;550px&#8221; height_last_edited=&#8221;on|phone&#8221; custom_margin_tablet=&#8221;&#8221; custom_margin_phone=&#8221;&#8221; custom_margin_last_edited=&#8221;on|tablet&#8221; custom_padding=&#8221;5px||90px||false|false&#8221; custom_padding_tablet=&#8221;5px||90px||false|false&#8221; custom_padding_phone=&#8221;0px||5px||false|false&#8221; hover_enabled=&#8221;0&#8243; global_colors_info=&#8221;{}&#8221; disabled_on=&#8221;on|on|on&#8221; disabled=&#8221;on&#8221; sticky_enabled=&#8221;0&#8243;][et_pb_row _builder_version=&#8221;4.17.4&#8243; _module_preset=&#8221;default&#8221; width=&#8221;88%&#8221; max_width_tablet=&#8221;90%&#8221; max_width_phone=&#8221;90%&#8221; max_width_last_edited=&#8221;on|tablet&#8221; custom_margin_tablet=&#8221;&#8221; custom_margin_phone=&#8221;&#8221; custom_margin_last_edited=&#8221;on|phone&#8221; global_colors_info=&#8221;{}&#8221;][et_pb_column type=&#8221;4_4&#8243; _builder_version=&#8221;4.16&#8243; _module_preset=&#8221;default&#8221; global_colors_info=&#8221;{}&#8221;][et_pb_text _builder_version=&#8221;4.17.4&#8243; _module_preset=&#8221;default&#8221; text_font=&#8221;Montserrat||||||||&#8221; text_text_color=&#8221;#FFFFFF&#8221; text_font_size=&#8221;63px&#8221; header_3_font=&#8221;Montserrat|600|||||||&#8221; header_3_text_align=&#8221;left&#8221; header_3_text_color=&#8221;#F7F7F7&#8243; header_3_font_size=&#8221;50px&#8221; header_3_letter_spacing=&#8221;1px&#8221; text_orientation=&#8221;center&#8221; custom_margin=&#8221;50px||||false|false&#8221; header_3_font_size_tablet=&#8221;56px&#8221; header_3_font_size_phone=&#8221;30px&#8221; header_3_font_size_last_edited=&#8221;on|phone&#8221; header_3_line_height_tablet=&#8221;&#8221; header_3_line_height_phone=&#8221;&#8221; header_3_line_height_last_edited=&#8221;on|phone&#8221; global_colors_info=&#8221;{}&#8221;]<\/p>\n<h3>COME AND SEE US AT THE WIN EURASIA<\/h3>\n<p>[\/et_pb_text][et_pb_text _builder_version=&#8221;4.17.4&#8243; _module_preset=&#8221;default&#8221; text_font=&#8221;Montserrat|300|||||||&#8221; text_text_color=&#8221;#FFFFFF&#8221; text_font_size=&#8221;22px&#8221; header_3_font=&#8221;Montserrat|600|||||||&#8221; header_3_text_align=&#8221;center&#8221; header_3_text_color=&#8221;#F7F7F7&#8243; header_3_font_size=&#8221;50px&#8221; header_3_letter_spacing=&#8221;1px&#8221; text_font_size_tablet=&#8221;20px&#8221; text_font_size_phone=&#8221;18px&#8221; text_font_size_last_edited=&#8221;on|desktop&#8221; global_colors_info=&#8221;{}&#8221;]<\/p>\n<p class=\" translation-block\">We\u2019d love to meet you and introduce our new products at our booth.<br><strong>Date:<\/strong> June 8-11<br><strong>Location:<\/strong> Istanbul Expo Center, Hall 5 \/ A140<\/p>\n<p>We hope to see you there!<\/p>\n<p>[\/et_pb_text][et_pb_button button_url=&#8221;http:\/\/win-eurasia.com\/tr\/ziyaretciler\/online-kayit?tag=en-eefefig&#8221; url_new_window=&#8221;on&#8221; button_text=&#8221;KAYIT OLUN&#8221; button_alignment=&#8221;center&#8221; _builder_version=&#8221;4.17.4&#8243; _module_preset=&#8221;default&#8221; custom_button=&#8221;on&#8221; button_text_size=&#8221;25px&#8221; button_text_color=&#8221;#FFFFFF&#8221; button_bg_color=&#8221;#c30000&#8243; button_border_width=&#8221;0px&#8221; button_border_radius=&#8221;0px&#8221; button_font=&#8221;Montserrat||||||||&#8221; button_use_icon=&#8221;off&#8221; button_text_size_tablet=&#8221;22px&#8221; button_text_size_phone=&#8221;20px&#8221; button_text_size_last_edited=&#8221;on|tablet&#8221; global_colors_info=&#8221;{}&#8221;][\/et_pb_button][\/et_pb_column][\/et_pb_row][\/et_pb_section][et_pb_section fb_built=&#8221;1&#8243; custom_padding_last_edited=&#8221;on|tablet&#8221; _builder_version=&#8221;4.16&#8243; _module_preset=&#8221;default&#8221; custom_padding=&#8221;||170px|||&#8221; custom_padding_tablet=&#8221;8px||80px||false|false&#8221; custom_padding_phone=&#8221;8px||80px||false|false&#8221; locked=&#8221;off&#8221; global_colors_info=&#8221;{}&#8221;][et_pb_row column_structure=&#8221;1_3,1_3,1_3&#8243; custom_padding_last_edited=&#8221;on|tablet&#8221; _builder_version=&#8221;4.16&#8243; _module_preset=&#8221;default&#8221; width_tablet=&#8221;&#8221; width_phone=&#8221;&#8221; width_last_edited=&#8221;on|tablet&#8221; max_width=&#8221;90%&#8221; custom_padding_tablet=&#8221;10px||||false|false&#8221; custom_padding_phone=&#8221;10px||||false|false&#8221; global_colors_info=&#8221;{}&#8221;][et_pb_column type=&#8221;1_3&#8243; _builder_version=&#8221;4.16&#8243; _module_preset=&#8221;default&#8221; global_colors_info=&#8221;{}&#8221;][et_pb_blurb title=&#8221;SER\u0130 \/ ETHERNET \/ MODBUS \/ GATEWAY D\u00d6N\u00dc\u015eT\u00dcR\u00dcC\u00dc&#8221; image=&#8221;https:\/\/mikrodin.com.tr\/wp-content\/uploads\/2021\/07\/1MN100-0ES01-tn.png&#8221; icon_placement=&#8221;left&#8221; _builder_version=&#8221;4.16&#8243; _dynamic_attributes=&#8221;link_option_url&#8221; _module_preset=&#8221;default&#8221; header_font=&#8221;Montserrat|600|||||||&#8221; header_font_size=&#8221;20px&#8221; body_font=&#8221;Montserrat||||||||&#8221; body_line_height=&#8221;1.2em&#8221; background_color=&#8221;rgba(244,244,244,0.58)&#8221; height=&#8221;280px&#8221; custom_margin=&#8221;0px|-20px||-20px|false|true&#8221; custom_padding=&#8221;30px|18px|7%|26px|false|false&#8221; custom_padding_tablet=&#8221;||20px||false|false&#8221; custom_padding_phone=&#8221;||20px||false|false&#8221; custom_padding_last_edited=&#8221;on|tablet&#8221; link_option_url=&#8221;@ET-DC@eyJkeW5hbWljIjp0cnVlLCJjb250ZW50IjoicG9zdF9saW5rX3VybF9wYWdlIiwic2V0dGluZ3MiOnsicG9zdF9pZCI6Ijg3NyJ9fQ==@&#8221; header_font_size_tablet=&#8221;18px&#8221; header_font_size_phone=&#8221;14px&#8221; header_font_size_last_edited=&#8221;on|tablet&#8221; body_font_size_tablet=&#8221;14px&#8221; body_font_size_phone=&#8221;14px&#8221; body_font_size_last_edited=&#8221;on|tablet&#8221; custom_css_blurb_image=&#8221;width:27%;&#8221; border_color_all=&#8221;#bcbcbc&#8221; box_shadow_style=&#8221;preset2&#8243; box_shadow_horizontal=&#8221;8px&#8221; box_shadow_vertical=&#8221;7px&#8221; box_shadow_blur=&#8221;8px&#8221; box_shadow_color=&#8221;rgba(0,0,0,0.12)&#8221; box_shadow_horizontal_tablet=&#8221;4px&#8221; box_shadow_horizontal_phone=&#8221;4px&#8221; box_shadow_horizontal_last_edited=&#8221;on|tablet&#8221; global_colors_info=&#8221;{}&#8221;]<\/p>\n<p>1MN100-0ES01 module provides connection to the RS232 \u2013 RS485 over Ethernet.<\/p>\n<p><span><a href=\"https:\/\/mikrodin.com.tr\/en\/1mn100-0es01\/\" class=\"pa-blurb-button\">More<\/a><\/span><\/p>\n<p>[\/et_pb_blurb][\/et_pb_column][et_pb_column type=&#8221;1_3&#8243; _builder_version=&#8221;4.16&#8243; _module_preset=&#8221;default&#8221; global_colors_info=&#8221;{}&#8221;][et_pb_blurb title=&#8221;MODBUS TCP \/ MQTT \/ WEB API \/ AIO D\u00d6N\u00dc\u015eT\u00dcR\u00dcC\u00dc&#8221; image=&#8221;https:\/\/mikrodin.com.tr\/wp-content\/uploads\/2021\/07\/1MN100-0EA01-tn.png&#8221; icon_placement=&#8221;left&#8221; _builder_version=&#8221;4.16&#8243; _dynamic_attributes=&#8221;link_option_url&#8221; _module_preset=&#8221;default&#8221; header_font=&#8221;Montserrat|600|||||||&#8221; header_font_size=&#8221;20px&#8221; body_font=&#8221;Montserrat||||||||&#8221; body_line_height=&#8221;1.2em&#8221; background_color=&#8221;rgba(244,244,244,0.58)&#8221; height=&#8221;280px&#8221; custom_margin=&#8221;0px|-20px||-20px|false|true&#8221; custom_padding=&#8221;30px|18px|7%|26px|false|false&#8221; custom_padding_tablet=&#8221;||20px||false|false&#8221; custom_padding_phone=&#8221;||20px||false|false&#8221; custom_padding_last_edited=&#8221;on|tablet&#8221; link_option_url=&#8221;@ET-DC@eyJkeW5hbWljIjp0cnVlLCJjb250ZW50IjoicG9zdF9saW5rX3VybF9wYWdlIiwic2V0dGluZ3MiOnsicG9zdF9pZCI6IjUyNiJ9fQ==@&#8221; header_font_size_tablet=&#8221;18px&#8221; header_font_size_phone=&#8221;14px&#8221; header_font_size_last_edited=&#8221;on|tablet&#8221; body_font_size_tablet=&#8221;14px&#8221; body_font_size_phone=&#8221;14px&#8221; body_font_size_last_edited=&#8221;on|tablet&#8221; custom_css_blurb_image=&#8221;width:27%;&#8221; border_color_all=&#8221;#bcbcbc&#8221; box_shadow_style=&#8221;preset2&#8243; box_shadow_horizontal=&#8221;8px&#8221; box_shadow_vertical=&#8221;7px&#8221; box_shadow_blur=&#8221;8px&#8221; box_shadow_color=&#8221;rgba(0,0,0,0.12)&#8221; box_shadow_horizontal_tablet=&#8221;4px&#8221; box_shadow_horizontal_phone=&#8221;4px&#8221; box_shadow_horizontal_last_edited=&#8221;on|tablet&#8221; global_colors_info=&#8221;{}&#8221;]<\/p>\n<p>1MN100-0EA02 module provides connection to analogue input-output signals and connection to the RS232 \u2013 RS485 ports.<\/p>\n<p><span><a href=\"https:\/\/mikrodin.com.tr\/en\/1mn1000ea02\/\" class=\"pa-blurb-button\">More<\/a><\/span><\/p>\n<p>[\/et_pb_blurb][\/et_pb_column][et_pb_column type=&#8221;1_3&#8243; _builder_version=&#8221;4.16&#8243; _module_preset=&#8221;default&#8221; global_colors_info=&#8221;{}&#8221;][et_pb_blurb title=&#8221;MODBUS TCP \/ MQTT \/ WEB API \/ DIO D\u00d6N\u00dc\u015eT\u00dcR\u00dcC\u00dc&#8221; image=&#8221;https:\/\/mikrodin.com.tr\/wp-content\/uploads\/2021\/07\/1MN100-0ED01-tn.png&#8221; icon_placement=&#8221;left&#8221; _builder_version=&#8221;4.16&#8243; _dynamic_attributes=&#8221;link_option_url&#8221; _module_preset=&#8221;default&#8221; header_font=&#8221;Montserrat|600|||||||&#8221; header_font_size=&#8221;20px&#8221; body_font=&#8221;Montserrat||||||||&#8221; body_line_height=&#8221;1.2em&#8221; background_color=&#8221;rgba(244,244,244,0.58)&#8221; height=&#8221;280px&#8221; custom_margin=&#8221;0px|-20px||-20px|false|true&#8221; custom_padding=&#8221;30px|18px|7%|26px|false|false&#8221; custom_padding_tablet=&#8221;||20px||false|false&#8221; custom_padding_phone=&#8221;||20px||false|false&#8221; custom_padding_last_edited=&#8221;on|tablet&#8221; link_option_url=&#8221;@ET-DC@eyJkeW5hbWljIjp0cnVlLCJjb250ZW50IjoicG9zdF9saW5rX3VybF9wYWdlIiwic2V0dGluZ3MiOnsicG9zdF9pZCI6IjQ5NiJ9fQ==@&#8221; header_font_size_tablet=&#8221;18px&#8221; header_font_size_phone=&#8221;14px&#8221; header_font_size_last_edited=&#8221;on|tablet&#8221; body_font_size_tablet=&#8221;14px&#8221; body_font_size_phone=&#8221;14px&#8221; body_font_size_last_edited=&#8221;on|tablet&#8221; custom_css_blurb_image=&#8221;width:27%;&#8221; border_color_all=&#8221;#bcbcbc&#8221; box_shadow_style=&#8221;preset2&#8243; box_shadow_horizontal=&#8221;8px&#8221; box_shadow_vertical=&#8221;7px&#8221; box_shadow_blur=&#8221;8px&#8221; box_shadow_color=&#8221;rgba(0,0,0,0.12)&#8221; box_shadow_horizontal_tablet=&#8221;4px&#8221; box_shadow_horizontal_phone=&#8221;4px&#8221; box_shadow_horizontal_last_edited=&#8221;on|tablet&#8221; global_colors_info=&#8221;{}&#8221;]<\/p>\n<p>1MN100-0ED01 module provides connection to digital input-output signals and connection to the RS232 \u2013 RS485 ports.<\/p>\n<p><span><a href=\"https:\/\/mikrodin.com.tr\/en\/1mn1000ed01\/\" class=\"pa-blurb-button\">More<\/a><\/span><\/p>\n<p>[\/et_pb_blurb][\/et_pb_column][\/et_pb_row][\/et_pb_section]<\/p>","protected":false},"excerpt":{"rendered":"<p>\u00dcretiminize D\u00f6n\u00fck \u00c7\u00f6z\u00fcmlerMikrodin \u00fcretim sahan\u0131za d\u00f6n\u00fck dijital \u00e7\u00f6z\u00fcmler sunar.WIN EURASIA STANDIMIZA BEKLER\u0130ZSizinle tan\u0131\u015fmak ve yeni \u00fcr\u00fcnlerimizi tan\u0131tmak i\u00e7in stand\u0131m\u0131za bekleriz.Tarih: 8-11 HaziranYer: \u0130stanbul Fuar Merkezi, 5. Salon \/ A140 G\u00f6r\u00fc\u015fmek \u00fczere!1MN100-0ES01 mod\u00fcl\u00fc, RS232 &#8211; RS485 \u00fcr\u00fcn\u00fcne Ethernet \u00fczerinden eri\u015fim sa\u011flar. Detay1MN100-0EA02 mod\u00fcl\u00fc, analog giri\u015f \u00e7\u0131k\u0131\u015f sinyallerine ve RS232 &#8211; RS485 portlar\u0131na ula\u015fman\u0131z\u0131 sa\u011flar. Detay1MN100-0ED01 mod\u00fcl\u00fc, [&hellip;]<\/p>","protected":false},"author":1,"featured_media":0,"parent":0,"menu_order":1,"comment_status":"closed","ping_status":"closed","template":"","meta":{"_et_pb_use_builder":"on","_et_pb_old_content":"'[metaslider id=\"164\"]'); ?&gt;\u00a0\t\t\n\t\t\t<h3>Veri Toplama Paneli<\/h3>\t\t\n\t\t<p>7\" B\u00fcy\u00fckl\u00fc\u011fe 800x400 \u00e7\u00f6z\u00fcn\u00fcrl\u00fc\u011fe sahip olan panelimiz, analog - digital \u00e7\u0131k\u0131\u015flar\u0131 ve \u00e7e\u015fitli ba\u011flant\u0131 aray\u00fczleri sayesinde end\u00fcstrinin her alan\u0131nda ihtiyac\u0131 kar\u015f\u0131lamaktad\u0131r.<\/p>\t\t\n\t\t\t<a href=\"http:\/\/mikrodin.com.tr\/veri-toplama-cihazi\/\" role=\"button\">\n\t\t\t\t\t\tDetaylar\n\t\t\t\t\t<\/a>\n\t\t\t\t\t\t\t\t\t\t<img width=\"300\" height=\"253\" src=\"http:\/\/mikrodin.com.tr\/wp-content\/uploads\/2021\/02\/DSC_7842-300x253.png\" alt=\"\" loading=\"lazy\" srcset=\"http:\/\/mikrodin.com.tr\/wp-content\/uploads\/2021\/02\/DSC_7842-300x253.png 300w, http:\/\/mikrodin.com.tr\/wp-content\/uploads\/2021\/02\/DSC_7842-768x647.png 768w, http:\/\/mikrodin.com.tr\/wp-content\/uploads\/2021\/02\/DSC_7842.png 1003w\" sizes=\"(max-width: 300px) 100vw, 300px\" \/>\t\t\t\t\t\t\t\t\t\t\t\n\t\t\t\t\t\t\t\t\t\t<img width=\"197\" height=\"300\" src=\"http:\/\/mikrodin.com.tr\/wp-content\/uploads\/2021\/02\/Donusturucu_canli-removebg-preview-197x300.png\" alt=\"\" loading=\"lazy\" srcset=\"http:\/\/mikrodin.com.tr\/wp-content\/uploads\/2021\/02\/Donusturucu_canli-removebg-preview-197x300.png 197w, http:\/\/mikrodin.com.tr\/wp-content\/uploads\/2021\/02\/Donusturucu_canli-removebg-preview.png 405w\" sizes=\"(max-width: 197px) 100vw, 197px\" \/>\t\t\t\t\t\t\t\t\t\t\t\n\t\t\t<h3>RS232\/Ethernet\/RS485\/CAN D\u00f6n\u00fc\u015ft\u00fcr\u00fcc\u00fc<\/h3>\t\t\n\t\t<p>Geli\u015fmi\u015f aray\u00fcz\u00fc sayesinde son derece kolay bir kurulum olana\u011f\u0131 sunan \u00fcr\u00fcn\u00fcm\u00fcz, bahsedilen t\u00fcm ba\u011flant\u0131lar\u0131 son derece pratik bir \u015fekilde birbirine d\u00f6n\u00fc\u015ft\u00fcrmektedir.<\/p>\t\t\n\t\t\t<a href=\"http:\/\/mikrodin.com.tr\/donusturucu\/\" role=\"button\">\n\t\t\t\t\t\tDetaylar\n\t\t\t\t\t<\/a>\n\t\t\t<h3>Digital ve Analog Giri\u015f \u00c7\u0131k\u0131\u015f Mod\u00fclleri<\/h3>\t\t\n\t\t<p style=\"margin-right: 0.53cm; margin-bottom: 0cm; line-height: 145%;\">\u00dczerinde bulunan analog giri\u015f \u00e7\u0131k\u0131\u015flar\u0131 ile kolayca okuma ve yazma yapabilirsiniz.RS232 ba\u011flamt\u0131 portu sayesinde ba\u011flam\u0131\u015f oldu\u011funuz seri port ba\u011flant\u0131lar\u0131ndan gelen datalar\u0131 kolayl\u0131kla okuma yapabilirsiniz.<\/p><p>\u00a0<\/p><p style=\"margin-right: 0.53cm; margin-bottom: 0cm; line-height: 145%;\">Modbus TCP \/ RTU protokolleri ile analog giri\u015f \u00e7\u0131k\u0131\u015flar\u0131n\u0131z\u0131 kontrol edebilirsiniz<\/p>\t\t\n\t\t\t<a href=\"http:\/\/mikrodin.com.tr\/1mn1000ea01\/\" role=\"button\">\n\t\t\t\t\t\tDetaylar\n\t\t\t\t\t<\/a>\n\t\t\t\t\t\t\t\t\t\t<img width=\"201\" height=\"300\" src=\"http:\/\/mikrodin.com.tr\/wp-content\/uploads\/2021\/02\/ed1-removebg-preview-201x300.png\" alt=\"\" loading=\"lazy\" srcset=\"http:\/\/mikrodin.com.tr\/wp-content\/uploads\/2021\/02\/ed1-removebg-preview-201x300.png 201w, http:\/\/mikrodin.com.tr\/wp-content\/uploads\/2021\/02\/ed1-removebg-preview.png 409w\" sizes=\"(max-width: 201px) 100vw, 201px\" \/>","_et_gb_content_width":""},"_links":{"self":[{"href":"https:\/\/mikrodin.com.tr\/en\/wp-json\/wp\/v2\/pages\/12"}],"collection":[{"href":"https:\/\/mikrodin.com.tr\/en\/wp-json\/wp\/v2\/pages"}],"about":[{"href":"https:\/\/mikrodin.com.tr\/en\/wp-json\/wp\/v2\/types\/page"}],"author":[{"embeddable":true,"href":"https:\/\/mikrodin.com.tr\/en\/wp-json\/wp\/v2\/users\/1"}],"replies":[{"embeddable":true,"href":"https:\/\/mikrodin.com.tr\/en\/wp-json\/wp\/v2\/comments?post=12"}],"version-history":[{"count":93,"href":"https:\/\/mikrodin.com.tr\/en\/wp-json\/wp\/v2\/pages\/12\/revisions"}],"predecessor-version":[{"id":239233,"href":"https:\/\/mikrodin.com.tr\/en\/wp-json\/wp\/v2\/pages\/12\/revisions\/239233"}],"wp:attachment":[{"href":"https:\/\/mikrodin.com.tr\/en\/wp-json\/wp\/v2\/media?parent=12"}],"curies":[{"name":"wp","href":"https:\/\/api.w.org\/{rel}","templated":true}]}}