{"id":14,"date":"2019-08-21T08:39:51","date_gmt":"2019-08-21T08:39:51","guid":{"rendered":"http:\/\/mikrodin.com.tr\/?page_id=14"},"modified":"2022-03-26T14:13:24","modified_gmt":"2022-03-26T14:13:24","slug":"hakkimizda","status":"publish","type":"page","link":"https:\/\/mikrodin.com.tr\/en\/hakkimizda\/","title":{"rendered":"ABOUT"},"content":{"rendered":"<p>[et_pb_section fb_built=&#8221;1&#8243; custom_padding_last_edited=&#8221;on|phone&#8221; admin_label=&#8221;Hakkimizda Landing&#8221; _builder_version=&#8221;4.15&#8243; background_color=&#8221;rgba(0,0,0,0.7)&#8221; background_image=&#8221;https:\/\/mikrodin.com.tr\/wp-content\/uploads\/2021\/07\/Mikrodin-About.jpg&#8221; background_blend=&#8221;overlay&#8221; custom_padding=&#8221;170px||170px||true|&#8221; custom_padding_tablet=&#8221;&#8221; custom_padding_phone=&#8221;70px||60px||false|false&#8221; mix_blend_mode=&#8221;multiply&#8221; background_color_phone=&#8221;rgba(0,0,0,0.68)&#8221; background_last_edited=&#8221;on|phone&#8221; background_enable_color_phone=&#8221;on&#8221; global_colors_info=&#8221;{}&#8221;][et_pb_row _builder_version=&#8221;4.15&#8243; width_tablet=&#8221;&#8221; width_phone=&#8221;85%&#8221; width_last_edited=&#8221;on|phone&#8221; max_width=&#8221;66%&#8221; max_width_tablet=&#8221;&#8221; max_width_phone=&#8221;90%&#8221; max_width_last_edited=&#8221;on|desktop&#8221; custom_padding=&#8221;0px||0px||true|false&#8221; global_colors_info=&#8221;{}&#8221;][et_pb_column type=&#8221;4_4&#8243; _builder_version=&#8221;4.15&#8243; global_colors_info=&#8221;{}&#8221;][et_pb_text admin_label=&#8221;Hakkimizda&#8221; _builder_version=&#8221;4.15&#8243; text_font=&#8221;Montserrat|300|||||||&#8221; text_text_color=&#8221;#f7f7f7&#8243; text_font_size=&#8221;29px&#8221; header_font=&#8221;Montserrat|700|||||||&#8221; header_text_align=&#8221;center&#8221; header_text_color=&#8221;#f7f7f7&#8243; header_font_size=&#8221;60px&#8221; header_2_font=&#8221;Montserrat|600|||||||&#8221; header_2_font_size=&#8221;44px&#8221; header_3_font=&#8221;Montserrat|600|||||||&#8221; header_3_font_size=&#8221;36px&#8221; header_4_font=&#8221;Montserrat|500|||||||&#8221; header_4_font_size=&#8221;24px&#8221; custom_margin=&#8221;||2px|||&#8221; text_font_size_tablet=&#8221;&#8221; text_font_size_phone=&#8221;20px&#8221; text_font_size_last_edited=&#8221;on|phone&#8221; header_font_tablet=&#8221;&#8221; header_font_phone=&#8221;&#8221; header_font_last_edited=&#8221;on|phone&#8221; header_font_size_tablet=&#8221;&#8221; header_font_size_phone=&#8221;44px&#8221; header_font_size_last_edited=&#8221;on|desktop&#8221; header_line_height_tablet=&#8221;&#8221; header_line_height_phone=&#8221;1.1em&#8221; header_line_height_last_edited=&#8221;on|phone&#8221; global_colors_info=&#8221;{}&#8221;]<\/p>\n<p>OUR GOAL<\/p>\n<p>[\/et_pb_text][et_pb_text admin_label=&#8221;Insan Hatasi&#8221; _builder_version=&#8221;4.15&#8243; text_font=&#8221;Montserrat|600|||||||&#8221; text_text_color=&#8221;#f7f7f7&#8243; text_font_size=&#8221;39px&#8221; text_line_height=&#8221;1.5em&#8221; header_font=&#8221;Montserrat|600|||||||&#8221; header_font_size=&#8221;60px&#8221; header_2_font=&#8221;Montserrat|600|||||||&#8221; header_2_font_size=&#8221;44px&#8221; header_3_font=&#8221;Montserrat|800|||||||&#8221; header_3_text_color=&#8221;#f7f7f7&#8243; header_3_font_size=&#8221;38px&#8221; header_4_font=&#8221;Montserrat|500|||||||&#8221; header_4_font_size=&#8221;24px&#8221; width=&#8221;100%&#8221; custom_margin=&#8221;20px||||false|false&#8221; custom_padding=&#8221;|0px||||&#8221; text_font_size_tablet=&#8221;&#8221; text_font_size_phone=&#8221;24px&#8221; text_font_size_last_edited=&#8221;on|phone&#8221; text_line_height_tablet=&#8221;&#8221; text_line_height_phone=&#8221;1.2em&#8221; text_line_height_last_edited=&#8221;on|phone&#8221; global_colors_info=&#8221;{}&#8221;]<\/p>\n<p>Is to develop human centered systems and products.<\/p>\n<p>[\/et_pb_text][\/et_pb_column][\/et_pb_row][\/et_pb_section][et_pb_section fb_built=&#8221;1&#8243; custom_padding_last_edited=&#8221;on|phone&#8221; admin_label=&#8221;Hakkimizda Giris&#8221; _builder_version=&#8221;4.15&#8243; background_enable_color=&#8221;off&#8221; custom_padding=&#8221;70px||70px||true|false&#8221; custom_padding_tablet=&#8221;&#8221; custom_padding_phone=&#8221;60px||60px||true|false&#8221; bottom_divider_color=&#8221;#6b6b6b&#8221; bottom_divider_height=&#8221;34px&#8221; bottom_divider_flip=&#8221;horizontal&#8221; global_colors_info=&#8221;{}&#8221;][et_pb_row _builder_version=&#8221;4.15&#8243; _module_preset=&#8221;default&#8221; width_tablet=&#8221;&#8221; width_phone=&#8221;85%&#8221; width_last_edited=&#8221;on|phone&#8221; max_width=&#8221;70%&#8221; max_width_tablet=&#8221;&#8221; max_width_phone=&#8221;90%&#8221; max_width_last_edited=&#8221;on|desktop&#8221; custom_padding=&#8221;0px||0px||true|false&#8221; global_colors_info=&#8221;{}&#8221;][et_pb_column type=&#8221;4_4&#8243; _builder_version=&#8221;4.15&#8243; _module_preset=&#8221;default&#8221; global_colors_info=&#8221;{}&#8221;][et_pb_text _builder_version=&#8221;4.15&#8243; text_font=&#8221;||||||||&#8221; text_text_color=&#8221;#4f4f4f&#8221; text_font_size=&#8221;17px&#8221; header_font=&#8221;Montserrat|600|||||||&#8221; header_font_size=&#8221;60px&#8221; header_2_font=&#8221;Montserrat|500|||||||&#8221; header_2_text_color=&#8221;#000000&#8243; header_2_font_size=&#8221;34px&#8221; header_3_font=&#8221;Montserrat|600|||||||&#8221; header_3_font_size=&#8221;36px&#8221; header_4_font=&#8221;Montserrat|500|||||||&#8221; header_4_font_size=&#8221;24px&#8221; custom_margin=&#8221;0px|0px|0px||false|false&#8221; custom_padding=&#8221;30px|0px|0px|30px|false|false&#8221; custom_padding_tablet=&#8221;&#8221; custom_padding_phone=&#8221;0px|0px|0px|10px|false|false&#8221; custom_padding_last_edited=&#8221;on|phone&#8221; header_2_font_tablet=&#8221;&#8221; header_2_font_phone=&#8221;Montserrat|600|||||||&#8221; header_2_font_last_edited=&#8221;on|phone&#8221; header_2_font_size_tablet=&#8221;&#8221; header_2_font_size_phone=&#8221;30px&#8221; header_2_font_size_last_edited=&#8221;on|phone&#8221; global_colors_info=&#8221;{}&#8221;]<\/p>\n<h2>We are advancing together.<\/h2>\n<p>[\/et_pb_text][et_pb_text _builder_version=&#8221;4.15.1&#8243; text_font=&#8221;Montserrat|300|||||||&#8221; text_text_color=&#8221;#333333&#8243; text_font_size=&#8221;21px&#8221; text_line_height=&#8221;1.5em&#8221; header_font=&#8221;Montserrat|600|||||||&#8221; header_font_size=&#8221;60px&#8221; header_2_font=&#8221;Montserrat|600|||||||&#8221; header_2_font_size=&#8221;44px&#8221; header_3_font=&#8221;Montserrat|600|||||||&#8221; header_3_font_size=&#8221;36px&#8221; header_4_font=&#8221;Montserrat|500|||||||&#8221; header_4_font_size=&#8221;24px&#8221; custom_padding=&#8221;10px|29px||30px|false|false&#8221; custom_padding_tablet=&#8221;&#8221; custom_padding_phone=&#8221;9px|0px|0px|10px|false|false&#8221; custom_padding_last_edited=&#8221;on|phone&#8221; hover_enabled=&#8221;0&#8243; text_font_tablet=&#8221;&#8221; text_font_phone=&#8221;Montserrat|500|||||||&#8221; text_font_last_edited=&#8221;on|phone&#8221; text_font_size_tablet=&#8221;&#8221; text_font_size_phone=&#8221;16px&#8221; text_font_size_last_edited=&#8221;on|phone&#8221; text_orientation_tablet=&#8221;&#8221; text_orientation_phone=&#8221;left&#8221; text_orientation_last_edited=&#8221;on|phone&#8221; global_colors_info=&#8221;{}&#8221; sticky_enabled=&#8221;0&#8243;]<\/p>\n<p><span style=\"font-weight: 400;\">We have been working in the manufacturing industry for the past 20 years, constantly adding on our experience and technical abilities. In the process, our most important resource has been \u201cbuilding empathy\u201d with our partners for creating solutions by determining the needs and problems in the field.<\/span><\/p>\n<p><span style=\"font-weight: 400;\">As PEKS Engineering our purpose for creating  MIKRODIN is to make our Industrial Automation Control Modules more approachable for the entire industry.<\/span><\/p>\n<p><span style=\"font-weight: 500;\">We are advancing together with the industry.<\/span><\/p>\n<p>[\/et_pb_text][\/et_pb_column][\/et_pb_row][\/et_pb_section][et_pb_section fb_built=&#8221;1&#8243; custom_padding_last_edited=&#8221;on|phone&#8221; admin_label=&#8221;De\u011ferlerimiz&#8221; _builder_version=&#8221;4.15&#8243; background_color=&#8221;#f7f7f7&#8243; custom_padding=&#8221;90px||90px||true|false&#8221; custom_padding_tablet=&#8221;&#8221; custom_padding_phone=&#8221;70px||80px||false|false&#8221; locked=&#8221;off&#8221; global_colors_info=&#8221;{}&#8221;][et_pb_row column_structure=&#8221;1_4,1_4,1_4,1_4&#8243; _builder_version=&#8221;4.15&#8243; _module_preset=&#8221;default&#8221; max_width=&#8221;70%&#8221; custom_padding=&#8221;0px||0px||true|false&#8221; global_colors_info=&#8221;{}&#8221;][et_pb_column type=&#8221;1_4&#8243; _builder_version=&#8221;4.15&#8243; _module_preset=&#8221;default&#8221; global_colors_info=&#8221;{}&#8221;][et_pb_text admin_label=&#8221;Text&#8221; _builder_version=&#8221;4.15&#8243; _module_preset=&#8221;default&#8221; text_font=&#8221;||||||||&#8221; text_text_color=&#8221;#4f4f4f&#8221; text_font_size=&#8221;17px&#8221; header_font=&#8221;Montserrat|600|||||||&#8221; header_font_size=&#8221;60px&#8221; header_2_font=&#8221;Montserrat|600|||||||&#8221; header_2_text_align=&#8221;center&#8221; header_2_text_color=&#8221;#f7f7f7&#8243; header_2_font_size=&#8221;38px&#8221; header_3_font=&#8221;Montserrat|600|||||||&#8221; header_3_font_size=&#8221;36px&#8221; header_4_font=&#8221;Montserrat|500|||||||&#8221; header_4_font_size=&#8221;24px&#8221; background_color=&#8221;#1d97d8&#8243; width=&#8221;100%&#8221; max_width=&#8221;100%&#8221; custom_padding=&#8221;36px|20px|170px|20px|false|true&#8221; header_2_text_align_tablet=&#8221;&#8221; header_2_text_align_phone=&#8221;&#8221; header_2_text_align_last_edited=&#8221;on|phone&#8221; global_colors_info=&#8221;{}&#8221;]<\/p>\n<h2>Our DNA<\/h2>\n<p>[\/et_pb_text][\/et_pb_column][et_pb_column type=&#8221;1_4&#8243; _builder_version=&#8221;4.15&#8243; _module_preset=&#8221;default&#8221; global_colors_info=&#8221;{}&#8221;][et_pb_blurb title=&#8221;\u0130nsan Odakl\u0131l\u0131k&#8221; image=&#8221;https:\/\/mikrodin.com.tr\/wp-content\/uploads\/2021\/07\/Seperator.png&#8221; icon_alignment=&#8221;left&#8221; _builder_version=&#8221;4.15&#8243; _module_preset=&#8221;default&#8221; header_font=&#8221;Montserrat|600|||||||&#8221; header_text_align=&#8221;left&#8221; header_font_size=&#8221;22px&#8221; body_font=&#8221;Montserrat||||||||&#8221; body_text_align=&#8221;left&#8221; body_text_color=&#8221;#333333&#8243; body_font_size=&#8221;16px&#8221; min_height=&#8221;200px&#8221; custom_padding=&#8221;||0px||false|false&#8221; global_colors_info=&#8221;{}&#8221;]<\/p>\n<p>We listen to all stakeholders -our partners, users, operators- everyone who is involved within the manufacturing process.<\/p>\n<p>[\/et_pb_blurb][\/et_pb_column][et_pb_column type=&#8221;1_4&#8243; _builder_version=&#8221;4.15&#8243; _module_preset=&#8221;default&#8221; global_colors_info=&#8221;{}&#8221;][et_pb_blurb title=&#8221;Yenilik\u00e7ilik&#8221; image=&#8221;https:\/\/mikrodin.com.tr\/wp-content\/uploads\/2021\/07\/Seperator.png&#8221; icon_alignment=&#8221;left&#8221; _builder_version=&#8221;4.15&#8243; _module_preset=&#8221;default&#8221; header_font=&#8221;Montserrat|600|||||||&#8221; header_text_align=&#8221;left&#8221; header_font_size=&#8221;22px&#8221; body_font=&#8221;Montserrat||||||||&#8221; body_text_align=&#8221;left&#8221; body_text_color=&#8221;#333333&#8243; body_font_size=&#8221;16px&#8221; min_height=&#8221;200px&#8221; custom_padding=&#8221;||0px||false|false&#8221; global_colors_info=&#8221;{}&#8221;]<\/p>\n<p>The technologies we have developed add value only because they offer tangible solutions for the needs and problems of the industry.<\/p>\n<p>[\/et_pb_blurb][\/et_pb_column][et_pb_column type=&#8221;1_4&#8243; _builder_version=&#8221;4.15&#8243; _module_preset=&#8221;default&#8221; global_colors_info=&#8221;{}&#8221;][et_pb_blurb title=&#8221;Dinamizm&#8221; image=&#8221;https:\/\/mikrodin.com.tr\/wp-content\/uploads\/2021\/07\/Seperator.png&#8221; icon_alignment=&#8221;left&#8221; _builder_version=&#8221;4.15&#8243; _module_preset=&#8221;default&#8221; header_font=&#8221;Montserrat|600|||||||&#8221; header_text_align=&#8221;left&#8221; header_font_size=&#8221;22px&#8221; body_font=&#8221;Montserrat||||||||&#8221; body_text_align=&#8221;left&#8221; body_text_color=&#8221;#333333&#8243; body_font_size=&#8221;16px&#8221; min_height=&#8221;200px&#8221; custom_padding=&#8221;||0px||false|false&#8221; global_colors_info=&#8221;{}&#8221;]<\/p>\n<p>The dynamic connection between our R&amp;D department and the field helps us determine the needs and respond rapidly.<\/p>\n<p>[\/et_pb_blurb][\/et_pb_column][\/et_pb_row][\/et_pb_section]<\/p>","protected":false},"excerpt":{"rendered":"<p>AMACIMIZinsan odakl\u0131 \u00fcr\u00fcn ve sistemler geli\u015ftirmek.Beraber ilerliyoruz.\u0130malat sekt\u00f6r\u00fcnde 20 y\u0131ld\u0131r bilgi birikimi ve deneyimimizi s\u00fcrekli art\u0131rarak \u00e7al\u0131\u015f\u0131yoruz. Bu s\u00fcre\u00e7te payda\u015flar\u0131m\u0131zla kurdu\u011fumuz empati, sahadaki problemleri ve ihtiya\u00e7lar\u0131 tespit ederek \u00e7\u00f6z\u00fcm \u00fcretmedeki en \u00f6nemli kayna\u011f\u0131m\u0131z. PEKS M\u00fchendislik olarak Mikrodin giri\u015fimini hayata ge\u00e7irme amac\u0131m\u0131z uzman oldu\u011fumuz End\u00fcstriyel Otomasyon Kontrol \u00dcnitelerini \u00fcr\u00fcnle\u015ftirerek yayg\u0131nla\u015ft\u0131rmak ve\u00a0 sanayicilerin \u00fcretim s\u00fcre\u00e7lerindeki kontrollerini art\u0131rmakt\u0131r. [&hellip;]<\/p>","protected":false},"author":1,"featured_media":0,"parent":0,"menu_order":2,"comment_status":"closed","ping_status":"closed","template":"","meta":{"_et_pb_use_builder":"on","_et_pb_old_content":"<h4>Hakk\u0131m\u0131zda<\/h4>\t\t\n\t\t\t\t\t\t\t\t\t\t<img width=\"1000\" height=\"500\" src=\"http:\/\/mikrodin.com.tr\/wp-content\/uploads\/2021\/02\/251800e2a525e68.jpg\" alt=\"\" loading=\"lazy\" srcset=\"http:\/\/mikrodin.com.tr\/wp-content\/uploads\/2021\/02\/251800e2a525e68.jpg 1000w, http:\/\/mikrodin.com.tr\/wp-content\/uploads\/2021\/02\/251800e2a525e68-300x150.jpg 300w, http:\/\/mikrodin.com.tr\/wp-content\/uploads\/2021\/02\/251800e2a525e68-768x384.jpg 768w\" sizes=\"(max-width: 1000px) 100vw, 1000px\" \/>\t\t\t\t\t\t\t\t\t\t\t\n\t\t\t<h2>Misyon<\/h2>\t\t\n\t\t<p>Tecr\u00fcbemizi, yarat\u0131c\u0131l\u0131\u011f\u0131m\u0131z\u0131 \u00f6n plana \u00e7\u0131kartarak, d\u00fczenli olarak kendini geli\u015ftirerek her zaman sekt\u00f6re yenilik\u00e7i ve teknolojik \u00fcr\u00fcnler kazand\u0131rmak.\u00a0<\/p>\t\t\n\t\t\t\t\t\t\t\t\t\t<img width=\"700\" height=\"500\" src=\"http:\/\/mikrodin.com.tr\/wp-content\/uploads\/2021\/02\/misyon-1887-max.jpg\" alt=\"\" loading=\"lazy\" srcset=\"http:\/\/mikrodin.com.tr\/wp-content\/uploads\/2021\/02\/misyon-1887-max.jpg 700w, http:\/\/mikrodin.com.tr\/wp-content\/uploads\/2021\/02\/misyon-1887-max-300x214.jpg 300w\" sizes=\"(max-width: 700px) 100vw, 700px\" \/>\t\t\t\t\t\t\t\t\t\t\t\n\t\t\t<h2>Vizyon<\/h2>\t\t\n\t\t<p>Her zaman geli\u015fen son teknolojiyi takip ederek, tecr\u00fcbelerimiz ve bilgimiz do\u011frultusunda m\u00fc\u015fterilerimizin g\u00fcvenine lay\u0131k olmak.<\/p>\t\t\n\t\t\t\t\t\t\t\t\t\t<img width=\"1020\" height=\"574\" src=\"http:\/\/mikrodin.com.tr\/wp-content\/uploads\/2021\/02\/vizyonumuz-misyonumuz_1-1024x576.jpg\" alt=\"\" loading=\"lazy\" srcset=\"http:\/\/mikrodin.com.tr\/wp-content\/uploads\/2021\/02\/vizyonumuz-misyonumuz_1-1024x576.jpg 1024w, http:\/\/mikrodin.com.tr\/wp-content\/uploads\/2021\/02\/vizyonumuz-misyonumuz_1-300x169.jpg 300w, http:\/\/mikrodin.com.tr\/wp-content\/uploads\/2021\/02\/vizyonumuz-misyonumuz_1-768x432.jpg 768w, http:\/\/mikrodin.com.tr\/wp-content\/uploads\/2021\/02\/vizyonumuz-misyonumuz_1.jpg 1422w\" sizes=\"(max-width: 1020px) 100vw, 1020px\" \/>\t\t\t\t\t\t\t\t\t\t\t\n\t\t\t<h2>Strateji<\/h2>\t\t\n\t\t<p>Hedefi her zaman daha yenilik\u00e7i olmak, \u00fclkemiz \u00fc\u00e7\u00fcn daha faydal\u0131 \u00fcr\u00fcnler geli\u015ftiren bir \u015firket olarak ilerleyi\u015fimizi s\u00fcrd\u00fcrmek istiyoruz.<\/p>\t\t\n\t\t\t\t<h3>\n\t\t\t\t\tErgonomik Tasar\u0131m\n\t\t\t\t<\/h3>\n\t\t\t\t\t\t\t\t<p>\u00dcr\u00fcnlerimizin \u015f\u0131k tasar\u0131m\u0131 sayesinde, her alanda kullan\u0131m kolayl\u0131\u011f\u0131 sa\u011flamaktad\u0131r.<\/p>\n\t\t\t\t<h3>\n\t\t\t\t\tG\u00fc\u00e7l\u00fc Kodlama\n\t\t\t\t<\/h3>\n\t\t\t\t\t\t\t\t<p>Geli\u015fen teknolojiyi her zaman yak\u0131ndan takip ederek, t\u00fcm de\u011ferli m\u00fc\u015fterilerimiz i\u00e7in g\u00fc\u00e7l\u00fc bir yaz\u0131l\u0131m geli\u015ftiriyoruz.<\/p>\n\t\t\t\t<h3>\n\t\t\t\t\tProfesyonel Ekip\n\t\t\t\t<\/h3>\n\t\t\t\t\t\t\t\t<p>Disiplinli ve \u00f6zverili ekibimiz sayesinde her zaman daha iyisini hedefleyerek ilerliyoruz. <\/p>","_et_gb_content_width":""},"_links":{"self":[{"href":"https:\/\/mikrodin.com.tr\/en\/wp-json\/wp\/v2\/pages\/14"}],"collection":[{"href":"https:\/\/mikrodin.com.tr\/en\/wp-json\/wp\/v2\/pages"}],"about":[{"href":"https:\/\/mikrodin.com.tr\/en\/wp-json\/wp\/v2\/types\/page"}],"author":[{"embeddable":true,"href":"https:\/\/mikrodin.com.tr\/en\/wp-json\/wp\/v2\/users\/1"}],"replies":[{"embeddable":true,"href":"https:\/\/mikrodin.com.tr\/en\/wp-json\/wp\/v2\/comments?post=14"}],"version-history":[{"count":18,"href":"https:\/\/mikrodin.com.tr\/en\/wp-json\/wp\/v2\/pages\/14\/revisions"}],"predecessor-version":[{"id":239214,"href":"https:\/\/mikrodin.com.tr\/en\/wp-json\/wp\/v2\/pages\/14\/revisions\/239214"}],"wp:attachment":[{"href":"https:\/\/mikrodin.com.tr\/en\/wp-json\/wp\/v2\/media?parent=14"}],"curies":[{"name":"wp","href":"https:\/\/api.w.org\/{rel}","templated":true}]}}