{"id":1511,"date":"2021-07-02T14:26:56","date_gmt":"2021-07-02T14:26:56","guid":{"rendered":"http:\/\/mikrodin.com.tr\/?page_id=1511"},"modified":"2022-03-18T09:19:44","modified_gmt":"2022-03-18T09:19:44","slug":"destek","status":"publish","type":"page","link":"https:\/\/mikrodin.com.tr\/en\/destek\/","title":{"rendered":"SUPPORT"},"content":{"rendered":"<p>[et_pb_section fb_built=&#8221;1&#8243; custom_padding_last_edited=&#8221;on|phone&#8221; _builder_version=&#8221;4.15.0&#8243; _module_preset=&#8221;default&#8221; background_color=&#8221;rgba(0,0,0,0.72)&#8221; background_image=&#8221;https:\/\/mikrodin.com.tr\/wp-content\/uploads\/2022\/01\/support2.jpg&#8221; background_blend=&#8221;multiply&#8221; custom_padding=&#8221;5vw||5vw||true|false&#8221; custom_padding_tablet=&#8221;4vw||5vw||false|false&#8221; custom_padding_phone=&#8221;4vw||5vw||false|false&#8221; hover_enabled=&#8221;0&#8243; locked=&#8221;off&#8221; global_colors_info=&#8221;{}&#8221; sticky_enabled=&#8221;0&#8243;][et_pb_row _builder_version=&#8221;4.15&#8243; _module_preset=&#8221;default&#8221; width_tablet=&#8221;90%&#8221; width_phone=&#8221;90%&#8221; width_last_edited=&#8221;on|tablet&#8221; max_width=&#8221;90%&#8221; custom_padding=&#8221;0px||0px||true|false&#8221; global_colors_info=&#8221;{}&#8221;][et_pb_column type=&#8221;4_4&#8243; _builder_version=&#8221;4.15&#8243; _module_preset=&#8221;default&#8221; global_colors_info=&#8221;{}&#8221;][et_pb_text _builder_version=&#8221;4.15&#8243; _module_preset=&#8221;default&#8221; text_font=&#8221;||||||||&#8221; text_text_color=&#8221;#4f4f4f&#8221; text_font_size=&#8221;6vw&#8221; header_font=&#8221;Montserrat|700|||||||&#8221; header_text_align=&#8221;center&#8221; header_text_color=&#8221;#eaeaea&#8221; header_font_size=&#8221;70px&#8221; header_2_font=&#8221;Montserrat|600|||||||&#8221; header_2_font_size=&#8221;44px&#8221; header_3_font=&#8221;Montserrat|600|||||||&#8221; header_3_font_size=&#8221;36px&#8221; header_4_font=&#8221;Montserrat|500|||||||&#8221; header_4_font_size=&#8221;24px&#8221; custom_margin=&#8221;||||false|false&#8221; custom_margin_tablet=&#8221;&#8221; custom_margin_phone=&#8221;16px||||false|false&#8221; custom_margin_last_edited=&#8221;on|tablet&#8221; header_font_size_tablet=&#8221;60px&#8221; header_font_size_phone=&#8221;50px&#8221; header_font_size_last_edited=&#8221;on|phone&#8221; global_colors_info=&#8221;{}&#8221;]<\/p>\n<h1>SUPPORT<\/h1>\n<p>[\/et_pb_text][\/et_pb_column][\/et_pb_row][et_pb_row _builder_version=&#8221;4.15.0&#8243; _module_preset=&#8221;default&#8221; width_tablet=&#8221;90%&#8221; width_phone=&#8221;90%&#8221; width_last_edited=&#8221;on|phone&#8221; max_width_tablet=&#8221;90%&#8221; max_width_phone=&#8221;90%&#8221; max_width_last_edited=&#8221;on|tablet&#8221; custom_padding=&#8221;0px||0px||true|false&#8221; hover_enabled=&#8221;0&#8243; global_colors_info=&#8221;{}&#8221; width=&#8221;40%&#8221; max_width=&#8221;70%&#8221; sticky_enabled=&#8221;0&#8243;][et_pb_column type=&#8221;4_4&#8243; _builder_version=&#8221;4.15&#8243; _module_preset=&#8221;default&#8221; global_colors_info=&#8221;{}&#8221;][et_pb_text _builder_version=&#8221;4.15.0&#8243; _module_preset=&#8221;default&#8221; text_font=&#8221;||||||||&#8221; text_text_color=&#8221;#4f4f4f&#8221; text_font_size=&#8221;17px&#8221; header_font=&#8221;Montserrat|600|||||||&#8221; header_font_size=&#8221;60px&#8221; header_2_font=&#8221;Montserrat|600|||||||&#8221; header_2_font_size=&#8221;44px&#8221; header_3_font=&#8221;Montserrat|600|||||||&#8221; header_3_text_align=&#8221;center&#8221; header_3_text_color=&#8221;#f7f7f7&#8243; header_3_font_size=&#8221;36px&#8221; header_4_font=&#8221;Montserrat|500|||||||&#8221; header_4_text_align=&#8221;center&#8221; header_4_text_color=&#8221;#f7f7f7&#8243; header_4_font_size=&#8221;24px&#8221; header_4_line_height=&#8221;1.2em&#8221; max_width_tablet=&#8221;&#8221; max_width_phone=&#8221;80%&#8221; max_width_last_edited=&#8221;on|phone&#8221; module_alignment=&#8221;center&#8221; custom_margin=&#8221;30px||||false|false&#8221; hover_enabled=&#8221;0&#8243; header_4_font_size_tablet=&#8221;20px&#8221; header_4_font_size_phone=&#8221;17px&#8221; header_4_font_size_last_edited=&#8221;on|tablet&#8221; locked=&#8221;off&#8221; global_colors_info=&#8221;{}&#8221; sticky_enabled=&#8221;0&#8243;]<\/p>\n<h4>Our support page provides you the resource codes, resource videos and Mikrodin Device Manager.<\/h4>\n<p>[\/et_pb_text][\/et_pb_column][\/et_pb_row][\/et_pb_section][et_pb_section fb_built=&#8221;1&#8243; disabled_on=&#8221;off|off|off&#8221; _builder_version=&#8221;4.15&#8243; _module_preset=&#8221;default&#8221; background_color=&#8221;#F4F4F4&#8243; custom_padding=&#8221;5px||220px||false|false&#8221; locked=&#8221;off&#8221; global_colors_info=&#8221;{}&#8221;][et_pb_row use_custom_gutter=&#8221;on&#8221; custom_padding_last_edited=&#8221;on|tablet&#8221; _builder_version=&#8221;4.15&#8243; _module_preset=&#8221;default&#8221; width=&#8221;75%&#8221; width_tablet=&#8221;100%&#8221; width_phone=&#8221;92%&#8221; width_last_edited=&#8221;on|tablet&#8221; max_width=&#8221;75%&#8221; max_width_tablet=&#8221;71%&#8221; max_width_phone=&#8221;92%&#8221; max_width_last_edited=&#8221;on|phone&#8221; custom_padding=&#8221;70px|||||&#8221; custom_padding_tablet=&#8221;16px||||false|false&#8221; custom_padding_phone=&#8221;16px||||false|false&#8221; global_colors_info=&#8221;{}&#8221;][et_pb_column type=&#8221;4_4&#8243; _builder_version=&#8221;4.15&#8243; _module_preset=&#8221;default&#8221; global_colors_info=&#8221;{}&#8221;][dvmd_table_maker tbl_row_header_count=&#8221;0&#8243; tbl_column_max_width=&#8221;300px&#8221; tbl_column_min_width=&#8221;20px&#8221; tbl_row_max_height=&#8221;50px&#8221; tbl_row_min_height=&#8221;45px&#8221; tbl_responsive_breakpoint=&#8221;max_width_767&#8243; tbl_responsive_break_by=&#8221;row&#8221; tbl_frame_type=&#8221;lines&#8221; tbl_frame_line_color=&#8221;#c6c6c6&#8243; tbl_frame_line_width=&#8221;2px&#8221; tbl_tcell_cell_align_horz=&#8221;center&#8221; tbl_tcell_cell_align_vert=&#8221;center&#8221; tbl_chead_cell_color=&#8221;#D3D3D3&#8243; tbl_chead_cell_align_horz=&#8221;center&#8221; tbl_chead_cell_align_vert=&#8221;center&#8221; _builder_version=&#8221;4.14.7&#8243; _module_preset=&#8221;default&#8221; tbl_tcell_text_font=&#8221;Montserrat||||||||&#8221; tbl_chead_text_font=&#8221;Montserrat|700|||||||&#8221; tbl_chead_text_text_color=&#8221;#000000&#8243; tbl_chead_text_font_size=&#8221;16px&#8221; global_colors_info=&#8221;{}&#8221;][dvmd_table_maker_item col_label=&#8221;\u00dcr\u00fcn Kodu&#8221; col_content=&#8221;\u00dcr\u00fcn Kodu<br \/>\n<a href=\"\/en\/%22https:\/\/mikrodin.com.tr\/1mn100-0es01\/%22\/\">1MN100-0ES01<\/a><br \/>\n<a href=\"\/en\/%22https:\/\/mikrodin.com.tr\/1mn1000ed01\/%22\/\">1MN100-0ED01<\/a><br \/>\n<a href=\"\/en\/%22https:\/\/mikrodin.com.tr\/1mn1000ea02\/%22\/\">1MN100-0EA02<\/a>&#8221; _builder_version=&#8221;4.14.7&#8243; _module_preset=&#8221;default&#8221; col_tcell_text_font=&#8221;|700|||||||&#8221; col_tcell_text_line_height=&#8221;1em&#8221; col_tcell_text_font_size_tablet=&#8221;&#8221; col_tcell_text_font_size_phone=&#8221;10px&#8221; col_tcell_text_font_size_last_edited=&#8221;on|tablet&#8221; col_chead_text_font_size_tablet=&#8221;&#8221; col_chead_text_font_size_phone=&#8221;16px&#8221; col_chead_text_font_size_last_edited=&#8221;on|phone&#8221; col_rhead_text_font_size_tablet=&#8221;&#8221; col_rhead_text_font_size_phone=&#8221;&#8221; col_rhead_text_font_size_last_edited=&#8221;on|phone&#8221; global_colors_info=&#8221;{}&#8221;][\/dvmd_table_maker_item][dvmd_table_maker_item col_label=&#8221;\u00dcr\u00fcn \u0130smi&#8221; col_content=&#8221;\u00dcr\u00fcn \u0130smi<br \/>\nSERIAL \/ ETHERNET \/ MODBUS \/ GATEWAY CONVERTER<br \/>\nMODBUS TCP \/ MQTT \/ WEB API \/ DIO CONVERTER<br \/>\nMODBUS TCP \/ MQTT \/ WEB API \/ AIO D\u00d6N\u00dc\u015eT\u00dcR\u00dcC\u00dc&#8221; col_column_min_width=&#8221;110px&#8221; col_tcell_cell_align_vert=&#8221;center&#8221; _builder_version=&#8221;4.14.7&#8243; _module_preset=&#8221;default&#8221; col_tcell_text_letter_spacing=&#8221;0px&#8221; col_tcell_text_line_height=&#8221;1em&#8221; col_tcell_text_font_size_tablet=&#8221;10px&#8221; col_tcell_text_font_size_phone=&#8221;10px&#8221; col_tcell_text_font_size_last_edited=&#8221;on|phone&#8221; col_chead_text_font_size_tablet=&#8221;&#8221; col_chead_text_font_size_phone=&#8221;16px&#8221; col_chead_text_font_size_last_edited=&#8221;on|phone&#8221; global_colors_info=&#8221;{}&#8221;][\/dvmd_table_maker_item][dvmd_table_maker_item col_label=&#8221;Kaynak Kod PC&#8221; col_content=&#8221;Kaynak Kod PC<br \/>\n<a href=\"%22https:\/\/mikrodin.com.tr\/wp-content\/uploads\/support\/1MN100-0ES01_Kaynak_Kod_PC.rar%22\" data-et-target-link=\"%22_download%22\">\u0130ndir<\/a><br \/>\n<a href=\"%22https:\/\/mikrodin.com.tr\/wp-content\/uploads\/support\/1MN100-0ED01_Kaynak_Kod_PC.rar%22\" data-et-target-link=\"%22_download%22\">\u0130ndir<\/a><br \/>\n<a href=\"%22https:\/\/mikrodin.com.tr\/wp-content\/uploads\/support\/1MN100-0EA02_Kaynak_Kod_PC.rar%22\" data-et-target-link=\"%22_download%22\">\u0130ndir<\/a>&#8221; col_column_max_width=&#8221;120px&#8221; col_icon_type=&#8221;&#xe092;||divi||400&#8243; col_tcell_cell_align_vert=&#8221;center&#8221; _builder_version=&#8221;4.14.7&#8243; _module_preset=&#8221;default&#8221; col_chead_text_font_size_tablet=&#8221;&#8221; col_chead_text_font_size_phone=&#8221;16px&#8221; col_chead_text_font_size_last_edited=&#8221;on|phone&#8221; global_colors_info=&#8221;{}&#8221;][\/dvmd_table_maker_item][dvmd_table_maker_item col_label=&#8221;Kaynak Kod PLC&#8221; col_content=&#8221;Kaynak Kod PLC<br \/>\n<a href=\"%22https:\/\/mikrodin.com.tr\/wp-content\/uploads\/support\/1MN100-0ES01-PLC_V1.zap15_1%22\" data-et-target-link=\"%22_download%22\">\u0130ndir<\/a><br \/>\n<a href=\"%22https:\/\/mikrodin.com.tr\/wp-content\/uploads\/support\/1MN100-0ED01-PLC_V1.zap15_1%22\" data-et-target-link=\"%22_download%22\">\u0130ndir<\/a><br \/>\n<a href=\"%22https:\/\/mikrodin.com.tr\/wp-content\/uploads\/support\/1MN100-0EA02-PLC_V1.zap15_1%22\" data-et-target-link=\"%22_download%22\">\u0130ndir<\/a>&#8221; col_column_max_width=&#8221;120px&#8221; col_icon_type=&#8221;&#x4e;||divi||400&#8243; col_tcell_cell_align_vert=&#8221;center&#8221; _builder_version=&#8221;4.14.7&#8243; _module_preset=&#8221;default&#8221; col_chead_text_font_size_tablet=&#8221;&#8221; col_chead_text_font_size_phone=&#8221;16px&#8221; col_chead_text_font_size_last_edited=&#8221;on|phone&#8221; global_colors_info=&#8221;{}&#8221;][\/dvmd_table_maker_item][dvmd_table_maker_item col_label=&#8221;Teknik D\u00f6k\u00fcman&#8221; col_content=&#8221;Teknik D\u00f6k\u00fcman<br \/>\n<a href=\"%22https:\/\/mikrodin.com.tr\/wp-content\/uploads\/2022\/01\/1MN100-0ES01_TR-EN.pdf%22\" data-et-target-link=\"%22_blank%22\">\u0130ndir<\/a><br \/>\n<a href=\"%22https:\/\/mikrodin.com.tr\/wp-content\/uploads\/2022\/01\/1MN100-0ED01_TR-EN.pdf%22\" data-et-target-link=\"%22_blank%22\">\u0130ndir<\/a><br \/>\n<a href=\"%22https:\/\/mikrodin.com.tr\/wp-content\/uploads\/2022\/01\/1MN100-0EA02_TR-EN.pdf%22\" data-et-target-link=\"%22_blank%22\">\u0130ndir<\/a>&#8221; col_column_max_width=&#8221;120px&#8221; col_icon_type=&#8221;&#x4e;||divi||400&#8243; col_tcell_cell_align_vert=&#8221;center&#8221; _builder_version=&#8221;4.14.7&#8243; _module_preset=&#8221;default&#8221; col_chead_text_font_size_tablet=&#8221;&#8221; col_chead_text_font_size_phone=&#8221;16px&#8221; col_chead_text_font_size_last_edited=&#8221;on|phone&#8221; global_colors_info=&#8221;{}&#8221;][\/dvmd_table_maker_item][dvmd_table_maker_item col_label=&#8221;Kaynak Video PC&#8221; col_content=&#8221;Kaynak Video PC<br \/>\n<a href=\"\/en\/%22https:\/\/youtu.be\/IWrbaFDHrwQ%22\/\" data-et-target-link=\"%22_blank%22\">\u00d6rnek haberle\u015fme bilgisayar program\u0131 (.NET)<\/a><br \/>\n<a href=\"\/en\/%22https:\/\/youtu.be\/80rjtK_IeyI%22\/\" data-et-target-link=\"%22_blank%22\">1MN100-0ED01 MODBUS TCP \u00f6rnek bilgisayar program\u0131 (.NET)<\/a><br \/>\n<a href=\"\/en\/%22https:\/\/youtu.be\/w6GIwoS0g-k%22\/\" data-et-target-link=\"%22_blank%22\">1MN100-0EA02 MODBUS TCP \u00f6rnek bilgisayar program\u0131 (.NET)<\/a>&#8221; col_column_min_width=&#8221;120px&#8221; col_icon_type=&#8221;&#x4e;||divi||400&#8243; col_tcell_cell_align_vert=&#8221;center&#8221; _builder_version=&#8221;4.14.7&#8243; _module_preset=&#8221;default&#8221; col_tcell_text_line_height=&#8221;1em&#8221; col_tcell_text_font_size_tablet=&#8221;&#8221; col_tcell_text_font_size_phone=&#8221;10px&#8221; col_tcell_text_font_size_last_edited=&#8221;on|phone&#8221; col_chead_text_font_size_tablet=&#8221;&#8221; col_chead_text_font_size_phone=&#8221;16px&#8221; col_chead_text_font_size_last_edited=&#8221;on|phone&#8221; global_colors_info=&#8221;{}&#8221;][\/dvmd_table_maker_item][dvmd_table_maker_item col_label=&#8221;Kaynak Video PLC&#8221; col_content=&#8221;Kaynak Video PLC<br \/>\n<a href=\"\/en\/%22https:\/\/youtu.be\/eXX7OZSYw4M%22\/\" data-et-target-link=\"%22_blank%22\">0ES01 ile Siemens S7-1200 PLC haberle\u015fme \u00f6rne\u011fi<\/a><br \/>\n<a href=\"\/en\/%22https:\/\/youtu.be\/DDOUd3T2x-o%22\/\" data-et-target-link=\"%22_blank%22\">1MN100-0ED01 ile Siemens S7-1200 PLC haberle\u015fme \u00f6rne\u011fi<\/a><br \/>\n<a href=\"\/en\/%22https:\/\/youtu.be\/b7CMcYars2U%22\/\" data-et-target-link=\"%22_blank%22\">1MN100-0EA02 ile Siemens S7-1200 PLC haberle\u015fme \u00f6rne\u011fi<\/a>&#8221; col_column_min_width=&#8221;120px&#8221; col_icon_type=&#8221;&#x4e;||divi||400&#8243; col_tcell_cell_align_vert=&#8221;center&#8221; _builder_version=&#8221;4.14.7&#8243; _module_preset=&#8221;default&#8221; col_tcell_text_line_height=&#8221;1em&#8221; col_tcell_text_font_size_tablet=&#8221;&#8221; col_tcell_text_font_size_phone=&#8221;10px&#8221; col_tcell_text_font_size_last_edited=&#8221;on|phone&#8221; col_chead_text_font_size_tablet=&#8221;&#8221; col_chead_text_font_size_phone=&#8221;16px&#8221; col_chead_text_font_size_last_edited=&#8221;on|phone&#8221; global_colors_info=&#8221;{}&#8221;][\/dvmd_table_maker_item][\/dvmd_table_maker][dvmd_table_maker tbl_column_header_count=&#8221;0&#8243; tbl_row_header_count=&#8221;0&#8243; tbl_column_min_width=&#8221;20px&#8221; tbl_row_max_height=&#8221;50px&#8221; tbl_row_min_height=&#8221;45px&#8221; tbl_responsive_breakpoint=&#8221;max_width_767&#8243; tbl_responsive_break_by=&#8221;row&#8221; tbl_frame_type=&#8221;lines&#8221; tbl_frame_line_color=&#8221;#c6c6c6&#8243; tbl_frame_line_width=&#8221;2px&#8221; tbl_tcell_cell_align_horz=&#8221;center&#8221; tbl_tcell_cell_align_vert=&#8221;center&#8221; tbl_chead_cell_color=&#8221;#D3D3D3&#8243; tbl_chead_cell_align_horz=&#8221;center&#8221; tbl_chead_cell_align_vert=&#8221;center&#8221; _builder_version=&#8221;4.14.7&#8243; _module_preset=&#8221;default&#8221; tbl_tcell_text_font=&#8221;Montserrat||||||||&#8221; tbl_chead_text_font=&#8221;Montserrat|700|||||||&#8221; tbl_chead_text_text_color=&#8221;#000000&#8243; tbl_chead_text_font_size=&#8221;16px&#8221; global_colors_info=&#8221;{}&#8221;][dvmd_table_maker_item col_label=&#8221;\u00dcr\u00fcn \u0130smi&#8221; col_content=&#8221;Mikrodin Ayg\u0131t Y\u00f6neticisi&#8221; col_column_max_width=&#8221;220px&#8221; col_column_min_width=&#8221;110px&#8221; col_tcell_cell_align_vert=&#8221;center&#8221; _builder_version=&#8221;4.14.7&#8243; _module_preset=&#8221;default&#8221; col_tcell_text_font=&#8221;|700|||||||&#8221; col_tcell_text_letter_spacing=&#8221;0px&#8221; col_tcell_text_font_size_tablet=&#8221;&#8221; col_tcell_text_font_size_phone=&#8221;16px&#8221; col_tcell_text_font_size_last_edited=&#8221;on|phone&#8221; col_chead_text_font_size_tablet=&#8221;&#8221; col_chead_text_font_size_phone=&#8221;&#8221; col_chead_text_font_size_last_edited=&#8221;on|phone&#8221; global_colors_info=&#8221;{}&#8221;][\/dvmd_table_maker_item][dvmd_table_maker_item col_label=&#8221;A\u00e7\u0131klama&#8221; col_content=&#8221;D\u00f6n\u00fc\u015ft\u00fcr\u00fcc\u00fclerin konfig\u00fcrasyonu i\u00e7in kullan\u0131lan bilgisayar yaz\u0131l\u0131m\u0131. &#8221; col_column_min_width=&#8221;120px&#8221; col_icon_type=&#8221;&#x4e;||divi||400&#8243; col_tcell_cell_align_vert=&#8221;center&#8221; _builder_version=&#8221;4.14.7&#8243; _module_preset=&#8221;default&#8221; col_tcell_text_line_height=&#8221;1em&#8221; col_tcell_text_font_size_tablet=&#8221;&#8221; col_tcell_text_font_size_phone=&#8221;&#8221; col_tcell_text_font_size_last_edited=&#8221;on|phone&#8221; global_colors_info=&#8221;{}&#8221;][\/dvmd_table_maker_item][dvmd_table_maker_item col_label=&#8221;\u0130ndir&#8221; col_content=&#8221;<a href=\"%22https:\/\/mikrodin.com.tr\/wp-content\/uploads\/support\/Mikrodin_Aygit_Yoneticisi.rar%22\" data-et-target-link=\"%22_download%22\">\u0130ndir<\/a>&#8221; col_column_max_width=&#8221;120px&#8221; col_icon_type=&#8221;&#xe092;||divi||400&#8243; col_tcell_cell_align_vert=&#8221;center&#8221; _builder_version=&#8221;4.14.5&#8243; _module_preset=&#8221;default&#8221; global_colors_info=&#8221;{}&#8221;][\/dvmd_table_maker_item][\/dvmd_table_maker][\/et_pb_column][\/et_pb_row][\/et_pb_section]<\/p>","protected":false},"excerpt":{"rendered":"<p>DESTEKDestek sayfam\u0131zdan \u00fcr\u00fcnlerin kaynak kodlar\u0131na, kaynak videolar\u0131na veya Mikrodin ayg\u0131t y\u00f6neticisine ula\u015fabilirsiniz.<div class=\"et_pb_module dvmd_table_maker dvmd_table_maker_0\">\n\t\t\t\t\n\t\t\t\t\n\t\t\t\t\n\t\t\t\t\n\t\t\t\t\n\t\t\t\t\n\t\t\t\t<div class=\"et_pb_module_inner\">\n\t\t\t\t\t\n            <div role=\"table\" class=\"dvmd_tm_table dvmd_tm_max_width_767 dvmd_tm_blocks\">\n                \n            <\/div>\n\t\t\t\t<\/div>\n\t\t\t<\/div><div class=\"dvmd_outer\">\n\t\t\t\t\n\t\t\t\t\n\t\t\t\t\n\t\t\t\t\n\t\t\t\t\n\t\t\t\t\n\t\t\t\t<div class=\"dvmd_inner\">\n\t\t\t\t\t[kabooom]{\"col_button\":\"\",\"col_button_text\":\"Default\",\"col_button_url\":\"#\",\"col_button_target\":\"default\",\"slug\":\"dvmd_table_maker_item_0\",\"mins\":{\"desktop\":\"\",\"tablet\":\"\",\"phone\":\"\"},\"maxs\":{\"desktop\":\"\",\"tablet\":\"\",\"phone\":\"\"},\"rows\":[\"\\u00dcr\\u00fcn Kodu 1MN100-0ES01 1MN100-0ED01 1MN100-0EA02\"],\"count\":1}[kabooom]\n\t\t\t\t<\/div>\n\t\t\t<\/div><div class=\"dvmd_outer\">\n\t\t\t\t\n\t\t\t\t\n\t\t\t\t\n\t\t\t\t\n\t\t\t\t\n\t\t\t\t\n\t\t\t\t<div class=\"dvmd_inner\">\n\t\t\t\t\t[kabooom]{\"col_button\":\"\",\"col_button_text\":\"Default\",\"col_button_url\":\"#\",\"col_button_target\":\"default\",\"slug\":\"dvmd_table_maker_item_1\",\"mins\":{\"desktop\":\"\",\"tablet\":\"\",\"phone\":\"\"},\"maxs\":{\"desktop\":\"\",\"tablet\":\"\",\"phone\":\"\"},\"rows\":[\"\"],\"count\":1}[kabooom]\n\t\t\t\t<\/div>\n\t\t\t<\/div><\/p>","protected":false},"author":5,"featured_media":0,"parent":0,"menu_order":0,"comment_status":"closed","ping_status":"closed","template":"","meta":{"_et_pb_use_builder":"on","_et_pb_old_content":"<!-- wp:divi\/placeholder \/-->","_et_gb_content_width":""},"_links":{"self":[{"href":"https:\/\/mikrodin.com.tr\/en\/wp-json\/wp\/v2\/pages\/1511"}],"collection":[{"href":"https:\/\/mikrodin.com.tr\/en\/wp-json\/wp\/v2\/pages"}],"about":[{"href":"https:\/\/mikrodin.com.tr\/en\/wp-json\/wp\/v2\/types\/page"}],"author":[{"embeddable":true,"href":"https:\/\/mikrodin.com.tr\/en\/wp-json\/wp\/v2\/users\/5"}],"replies":[{"embeddable":true,"href":"https:\/\/mikrodin.com.tr\/en\/wp-json\/wp\/v2\/comments?post=1511"}],"version-history":[{"count":88,"href":"https:\/\/mikrodin.com.tr\/en\/wp-json\/wp\/v2\/pages\/1511\/revisions"}],"predecessor-version":[{"id":239203,"href":"https:\/\/mikrodin.com.tr\/en\/wp-json\/wp\/v2\/pages\/1511\/revisions\/239203"}],"wp:attachment":[{"href":"https:\/\/mikrodin.com.tr\/en\/wp-json\/wp\/v2\/media?parent=1511"}],"curies":[{"name":"wp","href":"https:\/\/api.w.org\/{rel}","templated":true}]}}