{"id":16,"date":"2019-08-21T08:40:03","date_gmt":"2019-08-21T08:40:03","guid":{"rendered":"http:\/\/mikrodin.com.tr\/?page_id=16"},"modified":"2022-02-25T09:03:15","modified_gmt":"2022-02-25T09:03:15","slug":"urunler","status":"publish","type":"page","link":"https:\/\/mikrodin.com.tr\/en\/urunler\/","title":{"rendered":"PRODUCTS"},"content":{"rendered":"<p>[et_pb_section fb_built=&#8221;1&#8243; custom_padding_last_edited=&#8221;on|tablet&#8221; _builder_version=&#8221;4.14.8&#8243; _module_preset=&#8221;default&#8221; custom_padding=&#8221;100px||200px||false|false&#8221; custom_padding_tablet=&#8221;8px||80px||false|false&#8221; custom_padding_phone=&#8221;8px||80px||false|false&#8221; hover_enabled=&#8221;0&#8243; global_colors_info=&#8221;{}&#8221; sticky_enabled=&#8221;0&#8243;][et_pb_row column_structure=&#8221;1_3,1_3,1_3&#8243; _builder_version=&#8221;4.9.4&#8243; _module_preset=&#8221;default&#8221; width_tablet=&#8221;&#8221; width_phone=&#8221;&#8221; width_last_edited=&#8221;on|tablet&#8221; max_width=&#8221;90%&#8221; global_colors_info=&#8221;{}&#8221;][et_pb_column type=&#8221;1_3&#8243; _builder_version=&#8221;4.9.4&#8243; _module_preset=&#8221;default&#8221; global_colors_info=&#8221;{}&#8221;][et_pb_blurb title=&#8221;SER\u0130 \/ ETHERNET \/ MODBUS \/ GATEWAY D\u00d6N\u00dc\u015eT\u00dcR\u00dcC\u00dc&#8221; image=&#8221;https:\/\/mikrodin.com.tr\/wp-content\/uploads\/2021\/07\/1MN100-0ES01-tn.png&#8221; icon_placement=&#8221;left&#8221; _builder_version=&#8221;4.13.0&#8243; _dynamic_attributes=&#8221;link_option_url&#8221; _module_preset=&#8221;default&#8221; header_font=&#8221;Montserrat|600|||||||&#8221; header_font_size=&#8221;20px&#8221; body_font=&#8221;Montserrat||||||||&#8221; body_line_height=&#8221;1.2em&#8221; background_color=&#8221;rgba(244,244,244,0.58)&#8221; height=&#8221;280px&#8221; custom_margin=&#8221;0px|-20px||-20px|false|true&#8221; custom_padding=&#8221;30px|18px|7%|26px|false|false&#8221; custom_padding_tablet=&#8221;||20px||false|false&#8221; custom_padding_phone=&#8221;||20px||false|false&#8221; custom_padding_last_edited=&#8221;on|tablet&#8221; link_option_url=&#8221;@ET-DC@eyJkeW5hbWljIjp0cnVlLCJjb250ZW50IjoicG9zdF9saW5rX3VybF9wYWdlIiwic2V0dGluZ3MiOnsicG9zdF9pZCI6Ijg3NyJ9fQ==@&#8221; header_font_size_tablet=&#8221;18px&#8221; header_font_size_phone=&#8221;14px&#8221; header_font_size_last_edited=&#8221;on|tablet&#8221; body_font_size_tablet=&#8221;14px&#8221; body_font_size_phone=&#8221;14px&#8221; body_font_size_last_edited=&#8221;on|tablet&#8221; custom_css_blurb_image=&#8221;width:27%;&#8221; border_color_all=&#8221;#bcbcbc&#8221; box_shadow_style=&#8221;preset2&#8243; box_shadow_horizontal=&#8221;8px&#8221; box_shadow_vertical=&#8221;7px&#8221; box_shadow_blur=&#8221;8px&#8221; box_shadow_color=&#8221;rgba(0,0,0,0.12)&#8221; box_shadow_horizontal_tablet=&#8221;4px&#8221; box_shadow_horizontal_phone=&#8221;4px&#8221; box_shadow_horizontal_last_edited=&#8221;on|tablet&#8221; global_colors_info=&#8221;{}&#8221;]<\/p>\n<p>1MN100-0ES01 module provides connection to the RS232 \u2013 RS485 over Ethernet.<\/p>\n<p><span><a href=\"https:\/\/mikrodin.com.tr\/en\/1mn100-0es01\/\" class=\"pa-blurb-button\">More<\/a><\/span><\/p>\n<p>[\/et_pb_blurb][\/et_pb_column][et_pb_column type=&#8221;1_3&#8243; _builder_version=&#8221;4.9.4&#8243; _module_preset=&#8221;default&#8221; global_colors_info=&#8221;{}&#8221;][et_pb_blurb title=&#8221;MODBUS TCP \/ MQTT \/ WEB API \/ AIO D\u00d6N\u00dc\u015eT\u00dcR\u00dcC\u00dc&#8221; image=&#8221;https:\/\/mikrodin.com.tr\/wp-content\/uploads\/2021\/07\/1MN100-0EA01-tn.png&#8221; icon_placement=&#8221;left&#8221; _builder_version=&#8221;4.13.0&#8243; _dynamic_attributes=&#8221;link_option_url&#8221; _module_preset=&#8221;default&#8221; header_font=&#8221;Montserrat|600|||||||&#8221; header_font_size=&#8221;20px&#8221; body_font=&#8221;Montserrat||||||||&#8221; body_line_height=&#8221;1.2em&#8221; background_color=&#8221;rgba(244,244,244,0.58)&#8221; height=&#8221;280px&#8221; custom_margin=&#8221;0px|-20px||-20px|false|true&#8221; custom_padding=&#8221;30px|18px|7%|26px|false|false&#8221; custom_padding_tablet=&#8221;||20px||false|false&#8221; custom_padding_phone=&#8221;||20px||false|false&#8221; custom_padding_last_edited=&#8221;on|tablet&#8221; link_option_url=&#8221;@ET-DC@eyJkeW5hbWljIjp0cnVlLCJjb250ZW50IjoicG9zdF9saW5rX3VybF9wYWdlIiwic2V0dGluZ3MiOnsicG9zdF9pZCI6IjUyNiJ9fQ==@&#8221; header_font_size_tablet=&#8221;18px&#8221; header_font_size_phone=&#8221;14px&#8221; header_font_size_last_edited=&#8221;on|tablet&#8221; body_font_size_tablet=&#8221;14px&#8221; body_font_size_phone=&#8221;14px&#8221; body_font_size_last_edited=&#8221;on|tablet&#8221; custom_css_blurb_image=&#8221;width:27%;&#8221; border_color_all=&#8221;#bcbcbc&#8221; box_shadow_style=&#8221;preset2&#8243; box_shadow_horizontal=&#8221;8px&#8221; box_shadow_vertical=&#8221;7px&#8221; box_shadow_blur=&#8221;8px&#8221; box_shadow_color=&#8221;rgba(0,0,0,0.12)&#8221; box_shadow_horizontal_tablet=&#8221;4px&#8221; box_shadow_horizontal_phone=&#8221;4px&#8221; box_shadow_horizontal_last_edited=&#8221;on|tablet&#8221; global_colors_info=&#8221;{}&#8221;]<\/p>\n<p>1MN100-0EA02 module provides connection to analogue input-output signals and connection to the RS232 \u2013 RS485 ports.<\/p>\n<p><span><a href=\"https:\/\/mikrodin.com.tr\/en\/1mn1000ea02\/\" class=\"pa-blurb-button\">More<\/a><\/span><\/p>\n<p>[\/et_pb_blurb][\/et_pb_column][et_pb_column type=&#8221;1_3&#8243; _builder_version=&#8221;4.9.4&#8243; _module_preset=&#8221;default&#8221; global_colors_info=&#8221;{}&#8221;][et_pb_blurb title=&#8221;MODBUS TCP \/ MQTT \/ WEB API \/ DIO D\u00d6N\u00dc\u015eT\u00dcR\u00dcC\u00dc&#8221; image=&#8221;https:\/\/mikrodin.com.tr\/wp-content\/uploads\/2021\/07\/1MN100-0ED01-tn.png&#8221; icon_placement=&#8221;left&#8221; _builder_version=&#8221;4.13.0&#8243; _dynamic_attributes=&#8221;link_option_url&#8221; _module_preset=&#8221;default&#8221; header_font=&#8221;Montserrat|600|||||||&#8221; header_font_size=&#8221;20px&#8221; body_font=&#8221;Montserrat||||||||&#8221; body_line_height=&#8221;1.2em&#8221; background_color=&#8221;rgba(244,244,244,0.58)&#8221; height=&#8221;280px&#8221; custom_margin=&#8221;0px|-20px||-20px|false|true&#8221; custom_padding=&#8221;30px|18px|7%|26px|false|false&#8221; custom_padding_tablet=&#8221;||20px||false|false&#8221; custom_padding_phone=&#8221;||20px||false|false&#8221; custom_padding_last_edited=&#8221;on|tablet&#8221; link_option_url=&#8221;@ET-DC@eyJkeW5hbWljIjp0cnVlLCJjb250ZW50IjoicG9zdF9saW5rX3VybF9wYWdlIiwic2V0dGluZ3MiOnsicG9zdF9pZCI6IjQ5NiJ9fQ==@&#8221; header_font_size_tablet=&#8221;18px&#8221; header_font_size_phone=&#8221;14px&#8221; header_font_size_last_edited=&#8221;on|tablet&#8221; body_font_size_tablet=&#8221;14px&#8221; body_font_size_phone=&#8221;14px&#8221; body_font_size_last_edited=&#8221;on|tablet&#8221; custom_css_blurb_image=&#8221;width:27%;&#8221; border_color_all=&#8221;#bcbcbc&#8221; box_shadow_style=&#8221;preset2&#8243; box_shadow_horizontal=&#8221;8px&#8221; box_shadow_vertical=&#8221;7px&#8221; box_shadow_blur=&#8221;8px&#8221; box_shadow_color=&#8221;rgba(0,0,0,0.12)&#8221; box_shadow_horizontal_tablet=&#8221;4px&#8221; box_shadow_horizontal_phone=&#8221;4px&#8221; box_shadow_horizontal_last_edited=&#8221;on|tablet&#8221; global_colors_info=&#8221;{}&#8221;]<\/p>\n<p>1MN100-0ED01 module provides connection to digital input-output signals and connection to the RS232 \u2013 RS485 ports.<\/p>\n<p><span><a href=\"https:\/\/mikrodin.com.tr\/en\/1mn1000ed01\/\" class=\"pa-blurb-button\">More<\/a><\/span><\/p>\n<p>[\/et_pb_blurb][\/et_pb_column][\/et_pb_row][\/et_pb_section]<\/p>","protected":false},"excerpt":{"rendered":"<p>1MN100-0ES01 mod\u00fcl\u00fc, RS232 &#8211; RS485 \u00fcr\u00fcn\u00fcne Ethernet \u00fczerinden eri\u015fim sa\u011flar. Detay1MN100-0EA02 mod\u00fcl\u00fc, analog giri\u015f \u00e7\u0131k\u0131\u015f sinyallerine ve RS232 &#8211; RS485 portlar\u0131na ula\u015fman\u0131z\u0131 sa\u011flar. Detay1MN100-0ED01 mod\u00fcl\u00fc, dijital giri\u015f \u00e7\u0131k\u0131\u015f sinyallerine ve RS232 &#8211; RS485 portlar\u0131na ula\u015fman\u0131z\u0131 sa\u011flar. Detay<\/p>","protected":false},"author":1,"featured_media":0,"parent":0,"menu_order":3,"comment_status":"closed","ping_status":"closed","template":"","meta":{"_et_pb_use_builder":"on","_et_pb_old_content":"<img src=\"http:\/\/mikrodin.com.tr\/wp-content\/uploads\/2019\/09\/7842-2-1024x369.png\" alt=\"\" srcset=\"http:\/\/mikrodin.com.tr\/wp-content\/uploads\/2019\/09\/7842-2-1024x369.png 1024w, http:\/\/mikrodin.com.tr\/wp-content\/uploads\/2019\/09\/7842-2-300x108.png 300w, http:\/\/mikrodin.com.tr\/wp-content\/uploads\/2019\/09\/7842-2-768x277.png 768w\" sizes=\"(max-width: 1020px) 100vw, 1020px\" width=\"1020\" height=\"368\">\n<img src=\"http:\/\/mikrodin.com.tr\/wp-content\/uploads\/2019\/09\/ed22-1024x756.png\" alt=\"\" srcset=\"http:\/\/mikrodin.com.tr\/wp-content\/uploads\/2019\/09\/ed22-1024x756.png 1024w, http:\/\/mikrodin.com.tr\/wp-content\/uploads\/2019\/09\/ed22-300x222.png 300w, http:\/\/mikrodin.com.tr\/wp-content\/uploads\/2019\/09\/ed22-768x567.png 768w, http:\/\/mikrodin.com.tr\/wp-content\/uploads\/2019\/09\/ed22.png 1200w\" sizes=\"(max-width: 1020px) 100vw, 1020px\" width=\"1020\" height=\"753\">\n<h3 style=\"font-family: 'Playfair Display', sans-serif; font-weight: normal; color: #8daca6; font-size: 36px;\">Digital Giri\u015f \u00c7\u0131k\u0131\u015f Mod\u00fcl\u00fc<\/h3>\n<p style=\"margin-bottom: 0cm; line-height: 23.2px; margin-right: 0.53cm;\">1MN 100-0ED01 d\u00f6n\u00fc\u015ft\u00fcr\u00fcc\u00fcm\u00fcz 24V besleme ile enerji verilen bir \u00fcr\u00fcnd\u00fcr.Digital Giri\u015f ve \u00c7\u0131k\u0131\u015flar\u0131 sayesinde t\u00fcm sinyaller ile ilgili okuma ve yazma yap\u0131labilmektedir.Giri\u015f \u00e7\u0131k\u0131\u015f Ledleri sayesinde ba\u011flant\u0131 takibi kolayl\u0131kla yap\u0131labilir.RS 232 ba\u011flant\u0131 portu sayesinde t\u00fcm seri port data ba\u011flant\u0131lar\u0131nda okuma ve yazma yap\u0131labilir.Modbus TCP \/ RTU protokolleri ile analog giri\u015f \u00e7\u0131k\u0131\u015flar\u0131n\u0131z\u0131 kontrol edebilirsiniz.<\/p>\n\n<h3 style=\"box-sizing: border-box; margin: 0px; font-family: 'Playfair Display', sans-serif; font-weight: normal; line-height: 1; color: #8daca6; font-size: 36px; clear: both; -webkit-font-smoothing: antialiased; padding: 0px;\">Analog Giri\u015f \u00c7\u0131k\u0131\u015f Mod\u00fcl\u00fc<\/h3>\n1MN 100-0EA01 d\u00f6n\u00fc\u015ft\u00fcr\u00fcc\u00fcm\u00fcz 24V besleme ile enerji verilen bir \u00fcr\u00fcnd\u00fcr.Analog Giri\u015f ve \u00c7\u0131k\u0131\u015flar\u0131 sayesinde t\u00fcm sinyaller ile ilgili okuma ve yazma yap\u0131labilmektedir.RS 232 ba\u011flant\u0131 portu sayesinde t\u00fcm seri port data ba\u011flant\u0131lar\u0131nda okuma ve yazma yap\u0131labilir.Modbus TCP \/ RTU protokolleri ile analog giri\u015f \u00e7\u0131k\u0131\u015flar\u0131n\u0131z\u0131 kontrol edebilirsiniz.\n\n<img src=\"http:\/\/mikrodin.com.tr\/wp-content\/uploads\/2019\/09\/0ea0123-1024x814.png\" alt=\"\" srcset=\"http:\/\/mikrodin.com.tr\/wp-content\/uploads\/2019\/09\/0ea0123-1024x814.png 1024w, http:\/\/mikrodin.com.tr\/wp-content\/uploads\/2019\/09\/0ea0123-300x239.png 300w, http:\/\/mikrodin.com.tr\/wp-content\/uploads\/2019\/09\/0ea0123-768x611.png 768w\" sizes=\"(max-width: 1020px) 100vw, 1020px\" width=\"1020\" height=\"811\">\n<img src=\"http:\/\/mikrodin.com.tr\/wp-content\/uploads\/2019\/09\/rf4-846x1024.png\" alt=\"\" srcset=\"http:\/\/mikrodin.com.tr\/wp-content\/uploads\/2019\/09\/rf4-846x1024.png 846w, http:\/\/mikrodin.com.tr\/wp-content\/uploads\/2019\/09\/rf4-248x300.png 248w, http:\/\/mikrodin.com.tr\/wp-content\/uploads\/2019\/09\/rf4-768x930.png 768w, http:\/\/mikrodin.com.tr\/wp-content\/uploads\/2019\/09\/rf4.png 991w\" sizes=\"(max-width: 846px) 100vw, 846px\" width=\"846\" height=\"1024\">\n<h3 style=\"box-sizing: border-box; margin: 0px; font-family: Arial, sans-serif; font-weight: normal; line-height: 1; color: #ffffff; font-size: 36px; clear: both; -webkit-font-smoothing: antialiased; padding: 0px;\">RF Haberle\u015fme Mod\u00fclleri<\/h3>\n<p style=\"margin-bottom: 0cm; line-height: 36.25px; margin-right: 0.53cm;\">RF Kartlar\u0131m\u0131z, birbirinden ba\u011f\u0131ms\u0131z uzakta olan iki sistem aras\u0131nda kablosuz olarak RS 232 sinyallerinin ta\u015f\u0131nmas\u0131n\u0131 sa\u011flamaktad\u0131r.\u00c7al\u0131\u015fma frekanslar\u0131 ve haberle\u015fme parametreleri cihazlar i\u00e7erisine firmam\u0131z taraf\u0131ndan tabeplerinize uygun \u015fekilde ayarlanarak g\u00f6nderilmektedir.<\/p>\n\n<h3 style=\"box-sizing: border-box; margin: 0px; font-family: 'Playfair Display', sans-serif; font-weight: normal; line-height: 1; color: #8daca6; font-size: 36px; clear: both; -webkit-font-smoothing: antialiased; padding: 0px;\">Loadcell Sinyal D\u00f6n\u00fc\u015ft\u00fcr\u00fcc\u00fc<\/h3>\nTek Loadcell\u2019li a\u011f\u0131rl\u0131k \u00f6l\u00e7me uygulamalar\u0131nda kullan\u0131lmak \u00fczere tasarlanm\u0131\u015ft\u0131r.0-10 V ve 4-20 mA \u00e7\u0131k\u0131\u015fl\u0131 modelleri mevcuttur.Sipari\u015f\nesnas\u0131nda \u00e7\u0131k\u0131\u015flar\u0131 belirtilmelidir.&nbsp;\n\n<img src=\"http:\/\/mikrodin.com.tr\/wp-content\/uploads\/2019\/09\/ltr1-768x786.png\" alt=\"\" srcset=\"http:\/\/mikrodin.com.tr\/wp-content\/uploads\/2019\/09\/ltr1-768x786.png 768w, http:\/\/mikrodin.com.tr\/wp-content\/uploads\/2019\/09\/ltr1-293x300.png 293w, http:\/\/mikrodin.com.tr\/wp-content\/uploads\/2019\/09\/ltr1-1000x1024.png 1000w, http:\/\/mikrodin.com.tr\/wp-content\/uploads\/2019\/09\/ltr1.png 1172w\" sizes=\"(max-width: 768px) 100vw, 768px\" width=\"768\" height=\"786\">","_et_gb_content_width":""},"_links":{"self":[{"href":"https:\/\/mikrodin.com.tr\/en\/wp-json\/wp\/v2\/pages\/16"}],"collection":[{"href":"https:\/\/mikrodin.com.tr\/en\/wp-json\/wp\/v2\/pages"}],"about":[{"href":"https:\/\/mikrodin.com.tr\/en\/wp-json\/wp\/v2\/types\/page"}],"author":[{"embeddable":true,"href":"https:\/\/mikrodin.com.tr\/en\/wp-json\/wp\/v2\/users\/1"}],"replies":[{"embeddable":true,"href":"https:\/\/mikrodin.com.tr\/en\/wp-json\/wp\/v2\/comments?post=16"}],"version-history":[{"count":70,"href":"https:\/\/mikrodin.com.tr\/en\/wp-json\/wp\/v2\/pages\/16\/revisions"}],"predecessor-version":[{"id":239175,"href":"https:\/\/mikrodin.com.tr\/en\/wp-json\/wp\/v2\/pages\/16\/revisions\/239175"}],"wp:attachment":[{"href":"https:\/\/mikrodin.com.tr\/en\/wp-json\/wp\/v2\/media?parent=16"}],"curies":[{"name":"wp","href":"https:\/\/api.w.org\/{rel}","templated":true}]}}