{"id":18,"date":"2019-08-21T08:40:15","date_gmt":"2019-08-21T08:40:15","guid":{"rendered":"http:\/\/mikrodin.com.tr\/?page_id=18"},"modified":"2022-03-18T10:12:14","modified_gmt":"2022-03-18T10:12:14","slug":"iletisim","status":"publish","type":"page","link":"https:\/\/mikrodin.com.tr\/en\/iletisim\/","title":{"rendered":"CONTACT"},"content":{"rendered":"<p>[et_pb_section fb_built=&#8221;1&#8243; _builder_version=&#8221;4.15&#8243; _module_preset=&#8221;default&#8221; background_color=&#8221;rgba(0,0,0,0.62)&#8221; background_image=&#8221;https:\/\/mikrodin.com.tr\/wp-content\/uploads\/2021\/07\/Mikrodin-Contact.jpg&#8221; background_blend=&#8221;multiply&#8221; custom_padding=&#8221;4vw||4vw||true|false&#8221; global_colors_info=&#8221;{}&#8221;][et_pb_row _builder_version=&#8221;4.15&#8243; _module_preset=&#8221;default&#8221; custom_padding=&#8221;0px||0px||true|false&#8221; global_colors_info=&#8221;{}&#8221;][et_pb_column type=&#8221;4_4&#8243; _builder_version=&#8221;4.15&#8243; _module_preset=&#8221;default&#8221; global_colors_info=&#8221;{}&#8221;][et_pb_text _builder_version=&#8221;4.15&#8243; _module_preset=&#8221;default&#8221; text_font=&#8221;||||||||&#8221; text_text_color=&#8221;#4f4f4f&#8221; text_font_size=&#8221;6vw&#8221; header_font=&#8221;Montserrat|700|||||||&#8221; header_text_align=&#8221;center&#8221; header_text_color=&#8221;#eaeaea&#8221; header_font_size=&#8221;70px&#8221; header_2_font=&#8221;Montserrat|600|||||||&#8221; header_2_font_size=&#8221;44px&#8221; header_3_font=&#8221;Montserrat|600|||||||&#8221; header_3_font_size=&#8221;36px&#8221; header_4_font=&#8221;Montserrat|500|||||||&#8221; header_4_font_size=&#8221;24px&#8221; custom_margin=&#8221;||||false|false&#8221; custom_margin_tablet=&#8221;&#8221; custom_margin_phone=&#8221;10px||||false|false&#8221; custom_margin_last_edited=&#8221;on|phone&#8221; header_font_size_tablet=&#8221;&#8221; header_font_size_phone=&#8221;50px&#8221; header_font_size_last_edited=&#8221;on|phone&#8221; global_colors_info=&#8221;{}&#8221;]<\/p>\n<h1>Contact Us!<\/h1>\n<p>[\/et_pb_text][\/et_pb_column][\/et_pb_row][et_pb_row _builder_version=&#8221;4.15&#8243; _module_preset=&#8221;default&#8221; custom_padding=&#8221;0px||0px||true|false&#8221; global_colors_info=&#8221;{}&#8221;][et_pb_column type=&#8221;4_4&#8243; _builder_version=&#8221;4.15&#8243; _module_preset=&#8221;default&#8221; global_colors_info=&#8221;{}&#8221;][et_pb_text _builder_version=&#8221;4.15.0&#8243; _module_preset=&#8221;default&#8221; text_font=&#8221;||||||||&#8221; text_text_color=&#8221;#4f4f4f&#8221; text_font_size=&#8221;17px&#8221; header_font=&#8221;Montserrat|600|||||||&#8221; header_font_size=&#8221;60px&#8221; header_2_font=&#8221;Montserrat|600|||||||&#8221; header_3_font=&#8221;Montserrat|600|||||||&#8221; header_3_text_align=&#8221;center&#8221; header_3_text_color=&#8221;#f7f7f7&#8243; header_3_font_size=&#8221;36px&#8221; header_4_font=&#8221;Montserrat|500|||||||&#8221; header_4_text_align=&#8221;center&#8221; header_4_text_color=&#8221;#0C71C3&#8243; header_4_font_size=&#8221;27px&#8221; header_4_line_height=&#8221;1.5em&#8221; custom_margin=&#8221;65px||40px||false|false&#8221; custom_margin_tablet=&#8221;&#8221; custom_margin_phone=&#8221;30px||30px||false|false&#8221; custom_margin_last_edited=&#8221;on|phone&#8221; header_3_font_size_tablet=&#8221;&#8221; header_3_font_size_phone=&#8221;28px&#8221; header_3_font_size_last_edited=&#8221;on|phone&#8221; global_colors_info=&#8221;{}&#8221;]<\/p>\n<h3>+90 850 225 1314<\/h3>\n<h4>info@mikrodin.com.tr<\/h4>\n<p>[\/et_pb_text][et_pb_text _builder_version=&#8221;4.15&#8243; _module_preset=&#8221;default&#8221; text_font=&#8221;||||||||&#8221; text_text_color=&#8221;#4f4f4f&#8221; text_font_size=&#8221;17px&#8221; header_font=&#8221;Montserrat|600|||||||&#8221; header_font_size=&#8221;60px&#8221; header_2_font=&#8221;Montserrat|600|||||||&#8221; header_2_font_size=&#8221;44px&#8221; header_3_font=&#8221;Montserrat|600|||||||&#8221; header_3_text_align=&#8221;center&#8221; header_3_text_color=&#8221;#f7f7f7&#8243; header_3_font_size=&#8221;36px&#8221; header_4_font=&#8221;Montserrat|500|||||||&#8221; header_4_text_align=&#8221;center&#8221; header_4_text_color=&#8221;#f7f7f7&#8243; header_4_font_size=&#8221;24px&#8221; max_width_tablet=&#8221;&#8221; max_width_phone=&#8221;80%&#8221; max_width_last_edited=&#8221;on|phone&#8221; module_alignment=&#8221;center&#8221; custom_margin=&#8221;30px||||false|false&#8221; header_4_font_size_tablet=&#8221;24px&#8221; header_4_font_size_phone=&#8221;18px&#8221; header_4_font_size_last_edited=&#8221;on|phone&#8221; locked=&#8221;off&#8221; global_colors_info=&#8221;{}&#8221;]<\/p>\n<h4>\u00dc\u00e7evler Mh. Erenler Sk. No: 1\/C<br \/>Nil\u00fcfer \/ Bursa<\/h4>\n<p>[\/et_pb_text][\/et_pb_column][\/et_pb_row][\/et_pb_section][et_pb_section fb_built=&#8221;1&#8243; _builder_version=&#8221;4.15&#8243; _module_preset=&#8221;default&#8221; custom_padding=&#8221;80px||80px|||&#8221; global_colors_info=&#8221;{}&#8221;][et_pb_row column_structure=&#8221;1_2,1_2&#8243; _builder_version=&#8221;4.15&#8243; _module_preset=&#8221;default&#8221; width=&#8221;100%&#8221; max_width=&#8221;90%&#8221; custom_padding=&#8221;0px||0px||true|false&#8221; global_colors_info=&#8221;{}&#8221;][et_pb_column type=&#8221;1_2&#8243; _builder_version=&#8221;4.15&#8243; _module_preset=&#8221;default&#8221; global_colors_info=&#8221;{}&#8221;][et_pb_code _builder_version=&#8221;4.15&#8243; _module_preset=&#8221;default&#8221; global_colors_info=&#8221;{}&#8221;]<iframe loading=\"lazy\" src=\"https:\/\/www.google.com\/maps\/embed?pb=!1m18!1m12!1m3!1d3047.2076769239516!2d28.936595715389522!3d40.20444307939051!2m3!1f0!2f0!3f0!3m2!1i1024!2i768!4f13.1!3m3!1m2!1s0x14ca114652a6cbdd%3A0x6ae515b4c01bcde8!2zUEVLUyBNw7xoZW5kaXNsaWsgTFRELiDFnlTEsC4!5e0!3m2!1sen!2str!4v1606045386336!5m2!1sen!2str\" width=\"100%\" height=\"450\" frameborder=\"0\" style=\"border:0;\" allowfullscreen=\"\" aria-hidden=\"false\" tabindex=\"0\"><\/iframe>[\/et_pb_code][\/et_pb_column][et_pb_column type=&#8221;1_2&#8243; _builder_version=&#8221;4.15&#8243; _module_preset=&#8221;default&#8221; global_colors_info=&#8221;{}&#8221;][et_pb_contact_form captcha=&#8221;off&#8221; email=&#8221;info@mikrodin.com.tr&#8221; title=&#8221;\u0130leti\u015fim Formu:&#8221; custom_message=&#8221;Mikrodin sitesinden yeni mesaj.||et_pb_line_break_holder||||et_pb_line_break_holder||||et_pb_line_break_holder||\u0130sim:  %%\u0130sim%%||et_pb_line_break_holder||Email:  %%Email%%||et_pb_line_break_holder||Telefon:  %%Telefon%%&#8221; success_message=&#8221;\u0130lginiz i\u00e7in te\u015fekk\u00fcr ederiz! Sizinle en k\u0131sa zamanda ileti\u015fime ge\u00e7ece\u011fiz.&#8221; submit_button_text=&#8221;G\u00d6NDER&#8221; _builder_version=&#8221;4.15.0&#8243; _unique_id=&#8221;eec4c36a-46b3-4421-8366-764087ca0f72&#8243; title_level=&#8221;h2&#8243; title_font=&#8221;Montserrat|600|||||||&#8221; title_font_size=&#8221;30px&#8221; custom_button=&#8221;on&#8221; button_text_color=&#8221;#000000&#8243; button_bg_color=&#8221;#a8dadc&#8221; button_border_width=&#8221;0px&#8221; button_border_radius=&#8221;0px&#8221; button_letter_spacing=&#8221;0px&#8221; button_font=&#8221;Montserrat||||||||&#8221; button_custom_margin=&#8221;4px||||false|false&#8221; hover_enabled=&#8221;0&#8243; global_colors_info=&#8221;{}&#8221; button_text_color__hover_enabled=&#8221;on|hover&#8221; button_text_color__hover=&#8221;#ffffff&#8221; button_bg_color__hover_enabled=&#8221;on|hover&#8221; button_bg_color__hover=&#8221;#a8dadc&#8221; sticky_enabled=&#8221;0&#8243;][et_pb_contact_field field_id=&#8221;\u0130sim&#8221; field_title=&#8221;\u0130sim&#8221; _builder_version=&#8221;4.15.0&#8243; form_field_background_color=&#8221;#a8dadc&#8221; form_field_text_color=&#8221;#333333&#8243; form_field_font=&#8221;Montserrat|500|||||||&#8221; background_enable_color=&#8221;off&#8221; global_colors_info=&#8221;{}&#8221; button_text_size__hover_enabled=&#8221;off&#8221; button_one_text_size__hover_enabled=&#8221;off&#8221; button_two_text_size__hover_enabled=&#8221;off&#8221; button_text_color__hover_enabled=&#8221;off&#8221; button_one_text_color__hover_enabled=&#8221;off&#8221; button_two_text_color__hover_enabled=&#8221;off&#8221; button_border_width__hover_enabled=&#8221;off&#8221; button_one_border_width__hover_enabled=&#8221;off&#8221; button_two_border_width__hover_enabled=&#8221;off&#8221; button_border_color__hover_enabled=&#8221;off&#8221; button_one_border_color__hover_enabled=&#8221;off&#8221; button_two_border_color__hover_enabled=&#8221;off&#8221; button_border_radius__hover_enabled=&#8221;off&#8221; button_one_border_radius__hover_enabled=&#8221;off&#8221; button_two_border_radius__hover_enabled=&#8221;off&#8221; button_letter_spacing__hover_enabled=&#8221;off&#8221; button_one_letter_spacing__hover_enabled=&#8221;off&#8221; button_two_letter_spacing__hover_enabled=&#8221;off&#8221; button_bg_color__hover_enabled=&#8221;off&#8221; button_one_bg_color__hover_enabled=&#8221;off&#8221; button_two_bg_color__hover_enabled=&#8221;off&#8221;][\/et_pb_contact_field][et_pb_contact_field field_id=&#8221;Email&#8221; field_title=&#8221;Email&#8221; field_type=&#8221;email&#8221; _builder_version=&#8221;4.15.0&#8243; form_field_background_color=&#8221;#a8dadc&#8221; form_field_text_color=&#8221;#333333&#8243; form_field_font=&#8221;Montserrat|500|||||||&#8221; global_colors_info=&#8221;{}&#8221; button_text_size__hover_enabled=&#8221;off&#8221; button_one_text_size__hover_enabled=&#8221;off&#8221; button_two_text_size__hover_enabled=&#8221;off&#8221; button_text_color__hover_enabled=&#8221;off&#8221; button_one_text_color__hover_enabled=&#8221;off&#8221; button_two_text_color__hover_enabled=&#8221;off&#8221; button_border_width__hover_enabled=&#8221;off&#8221; button_one_border_width__hover_enabled=&#8221;off&#8221; button_two_border_width__hover_enabled=&#8221;off&#8221; button_border_color__hover_enabled=&#8221;off&#8221; button_one_border_color__hover_enabled=&#8221;off&#8221; button_two_border_color__hover_enabled=&#8221;off&#8221; button_border_radius__hover_enabled=&#8221;off&#8221; button_one_border_radius__hover_enabled=&#8221;off&#8221; button_two_border_radius__hover_enabled=&#8221;off&#8221; button_letter_spacing__hover_enabled=&#8221;off&#8221; button_one_letter_spacing__hover_enabled=&#8221;off&#8221; button_two_letter_spacing__hover_enabled=&#8221;off&#8221; button_bg_color__hover_enabled=&#8221;off&#8221; button_one_bg_color__hover_enabled=&#8221;off&#8221; button_two_bg_color__hover_enabled=&#8221;off&#8221;][\/et_pb_contact_field][et_pb_contact_field field_id=&#8221;Telefon&#8221; field_title=&#8221;Telefon&#8221; required_mark=&#8221;off&#8221; fullwidth_field=&#8221;on&#8221; _builder_version=&#8221;4.15.0&#8243; form_field_background_color=&#8221;#a8dadc&#8221; form_field_text_color=&#8221;#333333&#8243; form_field_font=&#8221;Montserrat|500|||||||&#8221; global_colors_info=&#8221;{}&#8221;][\/et_pb_contact_field][et_pb_contact_field field_id=&#8221;Mesaj&#8221; field_title=&#8221;Mesaj&#8221; field_type=&#8221;text&#8221; fullwidth_field=&#8221;on&#8221; _builder_version=&#8221;4.15&#8243; form_field_background_color=&#8221;#a8dadc&#8221; form_field_text_color=&#8221;#333333&#8243; form_field_font=&#8221;Montserrat|500|||||||&#8221; global_colors_info=&#8221;{}&#8221; button_text_size__hover_enabled=&#8221;off&#8221; button_one_text_size__hover_enabled=&#8221;off&#8221; button_two_text_size__hover_enabled=&#8221;off&#8221; button_text_color__hover_enabled=&#8221;off&#8221; button_one_text_color__hover_enabled=&#8221;off&#8221; button_two_text_color__hover_enabled=&#8221;off&#8221; button_border_width__hover_enabled=&#8221;off&#8221; button_one_border_width__hover_enabled=&#8221;off&#8221; button_two_border_width__hover_enabled=&#8221;off&#8221; button_border_color__hover_enabled=&#8221;off&#8221; button_one_border_color__hover_enabled=&#8221;off&#8221; button_two_border_color__hover_enabled=&#8221;off&#8221; button_border_radius__hover_enabled=&#8221;off&#8221; button_one_border_radius__hover_enabled=&#8221;off&#8221; button_two_border_radius__hover_enabled=&#8221;off&#8221; button_letter_spacing__hover_enabled=&#8221;off&#8221; button_one_letter_spacing__hover_enabled=&#8221;off&#8221; button_two_letter_spacing__hover_enabled=&#8221;off&#8221; button_bg_color__hover_enabled=&#8221;off&#8221; button_one_bg_color__hover_enabled=&#8221;off&#8221; button_two_bg_color__hover_enabled=&#8221;off&#8221;][\/et_pb_contact_field][\/et_pb_contact_form][\/et_pb_column][\/et_pb_row][\/et_pb_section]<\/p>","protected":false},"excerpt":{"rendered":"<p>Bize Ula\u015f\u0131n!+90 850 225 1314 info@mikrodin.com.tr\u00dc\u00e7evler Mh. Erenler Sk. No: 1\/CNil\u00fcfer \/ Bursa<\/p>","protected":false},"author":1,"featured_media":0,"parent":0,"menu_order":4,"comment_status":"closed","ping_status":"closed","template":"","meta":{"_et_pb_use_builder":"on","_et_pb_old_content":"<iframe frameborder=\"0\" scrolling=\"no\" marginheight=\"0\" marginwidth=\"0\" src=\"https:\/\/maps.google.com\/maps?q=%C3%BC%C3%A7evler%20mahallesi%20erenler%20sokak&amp;t=m&amp;z=18&amp;output=embed&amp;iwloc=near\" aria-label=\"\u00fc\u00e7evler mahallesi erenler sokak\"><\/iframe>\t\t\n\t\t\t<h4>\u0130leti\u015fim<\/h4>\t\t\n\t\t\tADres\t\t\n\t\t<p>\u00dc\u00e7evler mah. Erenler Sokak No: 1\/C<\/p><p>Nil\u00fcfer\/BURSA<\/p>\t\t\n\t\t\tTelefon - MA\u0131l\t\t\n\t\t<p>Telefon : 0850 225 13 14<\/p><p>Email : mikrodin@mikrodin.com.tr<\/p>\t\t\n\t\t\tbizi takip edin<br>\t\t\n\t\t\t\t\t\t\t<a href=\"https:\/\/www.facebook.com\/mikrodinelektronik\/\" target=\"_blank\" rel=\"noopener noreferrer\">\n\t\t\t\t\tFacebook-f\n\t\t\t\t\t\t\t\t\t<\/a>\n\t\t\t\t\t\t\t<a href=\"https:\/\/twitter.com\/MikrodinE\" target=\"_blank\" rel=\"noopener noreferrer\">\n\t\t\t\t\tTwitter\n\t\t\t\t\t\t\t\t\t<\/a>\n\t\t\t\t\t\t\t<a href=\"https:\/\/www.instagram.com\/mikrodinelektronik\/\" target=\"_blank\" rel=\"noopener noreferrer\">\n\t\t\t\t\tInstagram\n\t\t\t\t\t\t\t\t\t<\/a>\n\t\t\t\t\t\t\t<a href=\"https:\/\/www.youtube.com\/channel\/UCuMIwmSxPvK-BNk47vW6KMA?view_as=subscriber\" target=\"_blank\" rel=\"noopener noreferrer\">\n\t\t\t\t\tYoutube\n\t\t\t\t\t\t\t\t\t<\/a>\n\t\t\t\t\t\t\t<a href=\"https:\/\/tr.pinterest.com\/mikrodine\/\" target=\"_blank\" rel=\"noopener noreferrer\">\n\t\t\t\t\tPinterest\n\t\t\t\t\t\t\t\t\t<\/a>","_et_gb_content_width":""},"_links":{"self":[{"href":"https:\/\/mikrodin.com.tr\/en\/wp-json\/wp\/v2\/pages\/18"}],"collection":[{"href":"https:\/\/mikrodin.com.tr\/en\/wp-json\/wp\/v2\/pages"}],"about":[{"href":"https:\/\/mikrodin.com.tr\/en\/wp-json\/wp\/v2\/types\/page"}],"author":[{"embeddable":true,"href":"https:\/\/mikrodin.com.tr\/en\/wp-json\/wp\/v2\/users\/1"}],"replies":[{"embeddable":true,"href":"https:\/\/mikrodin.com.tr\/en\/wp-json\/wp\/v2\/comments?post=18"}],"version-history":[{"count":25,"href":"https:\/\/mikrodin.com.tr\/en\/wp-json\/wp\/v2\/pages\/18\/revisions"}],"predecessor-version":[{"id":239208,"href":"https:\/\/mikrodin.com.tr\/en\/wp-json\/wp\/v2\/pages\/18\/revisions\/239208"}],"wp:attachment":[{"href":"https:\/\/mikrodin.com.tr\/en\/wp-json\/wp\/v2\/media?parent=18"}],"curies":[{"name":"wp","href":"https:\/\/api.w.org\/{rel}","templated":true}]}}